{"id":1268,"date":"2018-12-26T19:50:01","date_gmt":"2018-12-26T18:50:01","guid":{"rendered":"https:\/\/luxuryhomerome.com\/index.php\/allgemeine-bedingungen\/"},"modified":"2019-04-21T04:30:16","modified_gmt":"2019-04-21T04:30:16","slug":"allgemeine-bedingungen","status":"publish","type":"page","link":"https:\/\/luxuryhomerome.com\/de\/allgemeine-bedingungen\/","title":{"rendered":"Allgemeine Bedingungen"},"content":{"rendered":"<p>[vc_row][vc_column][vc_column_text]<\/p>\n<p style=\"text-align: center;\"><strong>Allgemeine Gesch\u00e4ftsbedingungen<\/strong><\/p>\n<p><strong>Pachten<\/strong><br \/>\nDie Lage in der Viale Furio Camillo 50 int. 4 (1. Stock), 00181 Rome (RM) ist zwischen Massimo Tredicine und Daniele Tredicine und dem Kunden, der die folgenden Angaben machen muss, zwischen dem T &amp; T Luxury Home Rome und dem Kunden, der folgende Angaben machen muss, verpflichtet: Name und Vorname und Wohnort.<\/p>\n<p><strong>Reservierung<\/strong><br \/>\nReservierungsanfragen k\u00f6nnen online auf dem Webportal von LuxuryHomeRome.com gemacht werden<br \/>\nF\u00fcr die Reservierung ist im Voraus die Zahlung des internen Betrags f\u00e4llig.<br \/>\nT &amp; T Luxury Home Rome beh\u00e4lt sich das Recht vor, eine Reservierung nach eigenem Ermessen abzulehnen.<\/p>\n<p><strong>Reservierungsbest\u00e4tigung<\/strong><br \/>\nDas T &amp; T Luxury Home Rome sendet Ihnen eine E-Mail zur Best\u00e4tigung der Reservierung des Apartments. Der Kunde muss alle erforderlichen Felder im Reservierungsformular auf der Website LuxuryHomeRome.com ausf\u00fcllen<\/p>\n<p><strong>Stornierungen<\/strong><br \/>\nBei einer Stornierung der Reservierung gelten folgende Bestimmungen:<br \/>\nBis 7 Tage vor Ankunft sind nur 30% des Betrags f\u00e4llig;<br \/>\nWeniger als 7 Tage vor der Ankunft ist der Gesamtbetrag f\u00e4llig.<\/p>\n<p><strong>Preise<\/strong><br \/>\nDie Preise geben die Gesamtkosten der Apartments an. Alle angegebenen Preise verstehen sich inklusive Mehrwertsteuer.<\/p>\n<p><strong>Mindestmietdauer<\/strong><br \/>\nDie Mindestmietdauer wird in zwei (2) N\u00e4chten festgelegt. In besonderen F\u00e4llen beh\u00e4lt sich die Unterkunft das Recht vor, Buchungen unterschiedlicher L\u00e4nge anzunehmen.<\/p>\n<p><strong>An- und Abreisezeiten.<\/strong><br \/>\nDas T &amp; T Luxury Home Rome bietet keine 24-Stunden-Rezeption. Um die Organisation des Check-ins zu erm\u00f6glichen, muss der Kunde das T &amp; T Luxury Home Rome \u00fcber die voraussichtliche Ankunftszeit informieren.<br \/>\nDer Check-in erfolgt am Anreisetag um 14:00 Uhr.<br \/>\nDer Check-out erfolgt am Abreisetag vor 10:00 Uhr.<br \/>\nDas T &amp; T Luxury Home Rome erlaubt den Ein- und Ausstieg nach der geplanten Zeit. Der Kunde muss den Vorgang des \u00d6ffnens und Schlie\u00dfens des Apartments gem\u00e4\u00df den Anweisungen in einer E-Mail durchf\u00fchren, die zum Zeitpunkt der Buchung erhalten wird.<\/p>\n<p><strong>Empfang und Anmeldung der Teilnahme.<\/strong><br \/>\nBei der Ankunft in der Unterkunft muss der Kunde dem Objekt oder seinem Vertreter ein Ausweisdokument vorlegen, um die Anwesenheit von Anwesen zu registrieren, wie dies gesetzlich vorgeschrieben ist.<br \/>\nDer Kunde verpflichtet sich, die beim Einchecken erhaltenen Anweisungen zu befolgen.<\/p>\n<p><strong>Kaution<\/strong><br \/>\nEine Kaution ist bei der Ankunft im T &amp; T Luxury Home Rome nicht erforderlich. Sch\u00e4den am Apartment, an den M\u00f6beln, an den Ger\u00e4ten oder am Geb\u00e4ude, die vom Kunden w\u00e4hrend des Aufenthalts verursacht wurden, m\u00fcssen jedoch erstattet werden.<\/p>\n<p><strong>G\u00e4ste &#8211; Tiere &#8211; Rauchen<\/strong><br \/>\nDie Anzahl der Personen, die in die gemietete Wohnung aufgenommen werden, darf die in der Beschreibung der Wohnung angegebene maximale Anzahl nicht \u00fcberschreiten, wie auf der Website oder in anderem Werbematerial angegeben. Das Rauchen ist in den Apartments nicht gestattet.<br \/>\nHaustiere sind in den Apartments nicht gestattet. Die Untervermietung der Mietwohnung ist nicht gestattet.<br \/>\nFalls der Kunde die in diesem Abschnitt enthaltenen Punkte nicht beachtet, wird T &amp; T Luxury Home Rome den Kunden auffordern, das Apartment sofort zu verlassen.<br \/>\nEs ist nicht gestattet, Personen aus der Wohnung mitzunehmen, deren Pass oder g\u00fcltiger Ausweis nicht registriert wurde oder ohne die Zustimmung des Eigent\u00fcmers der Wohnung.<br \/>\nErwachsene und Kinder sind f\u00fcr uns unsere lieben G\u00e4ste, es wird also nicht zwischen Leistungen und \u00dcbernachtungspreisen unterschieden.<\/p>\n<p><strong>Sicher<\/strong><br \/>\nNicht alle Wohnungen verf\u00fcgen \u00fcber einen Safe. T &amp; T Luxury Home Rome haftet nicht f\u00fcr den Verlust von Bargeld, Dokumenten und Wertgegenst\u00e4nden, die in der Wohnung zur\u00fcckgelassen wurden.<\/p>\n<p><strong>Reinigung und Wartung<\/strong><br \/>\nDie Unterk\u00fcnfte werden sauber und in einwandfreiem Zustand geliefert. Die Standardreinigung umfasst nicht die Reinigung der K\u00fcche und die Entsorgung von M\u00fcll, die in der Verantwortung des Kunden liegt. Bei Bedarf beh\u00e4lt sich das Grundst\u00fcck oder sein Vertreter das Recht vor, die gemietete Wohnung zu nutzen, um Wartungs- und Inspektionsarbeiten durchzuf\u00fchren.<\/p>\n<p><strong>Extra Reinigung &#8211; Parkplatz<\/strong><br \/>\nEin zus\u00e4tzlicher Reinigungsservice kann separat durchgef\u00fchrt und bezahlt werden, vorausgesetzt, der Antrag wird vorab gestellt, damit das Management von T &amp; T Luxury Home Rome die Reinigung organisieren kann. Die Parkgeb\u00fchren f\u00fcr Autos betragen \u20ac 10,00 pro Tag.<\/p>\n<p><strong>Verhalten<\/strong><br \/>\nDie Person, die die Reservierung vornimmt, ist f\u00fcr das korrekte und anst\u00e4ndige Verhalten aller G\u00e4ste verantwortlich, die das Apartment nutzen. Falls sich ein oder mehrere G\u00e4ste in unzul\u00e4ssiger Weise verhalten, werden Sie vom T &amp; T Luxury Home Rome aufgefordert, das Apartment sofort zu verlassen.<\/p>\n<p><strong>Haftung<\/strong><br \/>\nJede Unterkunft wurde von der Unterkunft besucht und \u00fcberpr\u00fcft. Die auf den Webseiten enthaltenen Beschreibungen sind korrekt und werden in gutem Glauben erstellt. Im Falle von Problemen wird der Kunde aufgefordert, unverz\u00fcglich mit der Immobilie oder seinem Vertreter zu kommunizieren. Der Kunde verpflichtet sich, der Immobilie die erforderliche Zeit einzur\u00e4umen, um ein Problem zu l\u00f6sen.<\/p>\n<p><strong>Gerichtliche und rechtliche Zust\u00e4ndigkeit.<\/strong><br \/>\nGerichtsstand f\u00fcr alle Streitigkeiten im Zusammenhang mit der Reservierung und dem Mietvertrag ist Rom.<\/p>\n<p><strong>Wohnsitzbeitrag<\/strong><\/p>\n<p>Der Beitrag f\u00fcr den Aufenthalt in den &#8220;Houses and Apartments&#8221; in der Stadt Rom betr\u00e4gt 3,5 \u20ac pro Tag und pro Person. Sie zahlen beim Check-in in bar[\/vc_column_text][\/vc_column][\/vc_row]<\/p>\n","protected":false},"excerpt":{"rendered":"<p>[vc_row][vc_column][vc_column_text] Allgemeine Gesch\u00e4ftsbedingungen Pachten Die Lage in der Viale Furio Camillo 50 int. 4 (1. Stock), 00181 Rome (RM) ist zwischen Massimo Tredicine und Daniele Tredicine und dem Kunden, der die folgenden Angaben machen muss, zwischen dem T &amp; T Luxury Home Rome und dem Kunden, der folgende Angaben machen muss, verpflichtet: Name und Vorname<\/p>\n<a href=\"https:\/\/luxuryhomerome.com\/de\/allgemeine-bedingungen\/\" class=\"sohohotel-more-link\">Weiterlesen<i class=\"fa fa-angle-right\"><\/i><\/a>","protected":false},"author":1,"featured_media":0,"parent":0,"menu_order":0,"comment_status":"closed","ping_status":"closed","template":"","meta":{"om_disable_all_campaigns":false,"_monsterinsights_skip_tracking":false,"_monsterinsights_sitenote_active":false,"_monsterinsights_sitenote_note":"","_monsterinsights_sitenote_category":0,"_uf_show_specific_survey":0,"_uf_disable_surveys":false,"footnotes":""},"class_list":["post-1268","page","type-page","status-publish","hentry"],"aioseo_notices":[],"yoast_head":"<!-- This site is optimized with the Yoast SEO plugin v26.4 - https:\/\/yoast.com\/wordpress\/plugins\/seo\/ -->\n<title>Allgemeine Bedingungen - Luxury Home Rome<\/title>\n<meta name=\"robots\" content=\"index, follow, max-snippet:-1, max-image-preview:large, max-video-preview:-1\" \/>\n<link rel=\"canonical\" href=\"https:\/\/luxuryhomerome.com\/de\/allgemeine-bedingungen\/\" \/>\n<meta property=\"og:locale\" content=\"de_DE\" \/>\n<meta property=\"og:type\" content=\"article\" \/>\n<meta property=\"og:title\" content=\"Allgemeine Bedingungen - Luxury Home Rome\" \/>\n<meta property=\"og:description\" content=\"[vc_row][vc_column][vc_column_text] Allgemeine Gesch\u00e4ftsbedingungen Pachten Die Lage in der Viale Furio Camillo 50 int. 4 (1. Stock), 00181 Rome (RM) ist zwischen Massimo Tredicine und Daniele Tredicine und dem Kunden, der die folgenden Angaben machen muss, zwischen dem T &amp; T Luxury Home Rome und dem Kunden, der folgende Angaben machen muss, verpflichtet: Name und Vorname\" \/>\n<meta property=\"og:url\" content=\"https:\/\/luxuryhomerome.com\/de\/allgemeine-bedingungen\/\" \/>\n<meta property=\"og:site_name\" content=\"Luxury Home Rome\" \/>\n<meta property=\"article:publisher\" content=\"https:\/\/www.facebook.com\/Luxuryhomerome-386585568762405\/\" \/>\n<meta property=\"article:modified_time\" content=\"2019-04-21T04:30:16+00:00\" \/>\n<meta property=\"og:image\" content=\"https:\/\/luxuryhomerome.com\/wp-content\/uploads\/2018\/12\/logo-TT-oro-blu-600-x-600.png\" \/>\n\t<meta property=\"og:image:width\" content=\"600\" \/>\n\t<meta property=\"og:image:height\" content=\"600\" \/>\n\t<meta property=\"og:image:type\" content=\"image\/png\" \/>\n<meta name=\"twitter:card\" content=\"summary_large_image\" \/>\n<meta name=\"twitter:site\" content=\"@luxury_rome\" \/>\n<meta name=\"twitter:label1\" content=\"Gesch\u00e4tzte Lesezeit\" \/>\n\t<meta name=\"twitter:data1\" content=\"4\u00a0Minuten\" \/>\n<script type=\"application\/ld+json\" class=\"yoast-schema-graph\">{\"@context\":\"https:\/\/schema.org\",\"@graph\":[{\"@type\":\"WebPage\",\"@id\":\"https:\/\/luxuryhomerome.com\/de\/allgemeine-bedingungen\/\",\"url\":\"https:\/\/luxuryhomerome.com\/de\/allgemeine-bedingungen\/\",\"name\":\"Allgemeine Bedingungen - Luxury Home Rome\",\"isPartOf\":{\"@id\":\"https:\/\/luxuryhomerome.com\/de\/#website\"},\"datePublished\":\"2018-12-26T18:50:01+00:00\",\"dateModified\":\"2019-04-21T04:30:16+00:00\",\"breadcrumb\":{\"@id\":\"https:\/\/luxuryhomerome.com\/de\/allgemeine-bedingungen\/#breadcrumb\"},\"inLanguage\":\"de\",\"potentialAction\":[{\"@type\":\"ReadAction\",\"target\":[\"https:\/\/luxuryhomerome.com\/de\/allgemeine-bedingungen\/\"]}]},{\"@type\":\"BreadcrumbList\",\"@id\":\"https:\/\/luxuryhomerome.com\/de\/allgemeine-bedingungen\/#breadcrumb\",\"itemListElement\":[{\"@type\":\"ListItem\",\"position\":1,\"name\":\"Home\",\"item\":\"https:\/\/luxuryhomerome.com\/de\/\"},{\"@type\":\"ListItem\",\"position\":2,\"name\":\"Allgemeine Bedingungen\"}]},{\"@type\":\"WebSite\",\"@id\":\"https:\/\/luxuryhomerome.com\/de\/#website\",\"url\":\"https:\/\/luxuryhomerome.com\/de\/\",\"name\":\"Luxury Home Rome\",\"description\":\"Ferienh\u00e4user und Ferienwohnungen zur kurzfristigen Vermietung in Rom\",\"publisher\":{\"@id\":\"https:\/\/luxuryhomerome.com\/de\/#organization\"},\"potentialAction\":[{\"@type\":\"SearchAction\",\"target\":{\"@type\":\"EntryPoint\",\"urlTemplate\":\"https:\/\/luxuryhomerome.com\/de\/?s={search_term_string}\"},\"query-input\":{\"@type\":\"PropertyValueSpecification\",\"valueRequired\":true,\"valueName\":\"search_term_string\"}}],\"inLanguage\":\"de\"},{\"@type\":\"Organization\",\"@id\":\"https:\/\/luxuryhomerome.com\/de\/#organization\",\"name\":\"T&T Luxury Home Rome\",\"url\":\"https:\/\/luxuryhomerome.com\/de\/\",\"logo\":{\"@type\":\"ImageObject\",\"inLanguage\":\"de\",\"@id\":\"https:\/\/luxuryhomerome.com\/de\/#\/schema\/logo\/image\/\",\"url\":\"https:\/\/luxuryhomerome.com\/wp-content\/uploads\/2018\/12\/cropped-cropped-logo-TT-oro-blu-600-x-600.png\",\"contentUrl\":\"https:\/\/luxuryhomerome.com\/wp-content\/uploads\/2018\/12\/cropped-cropped-logo-TT-oro-blu-600-x-600.png\",\"width\":512,\"height\":512,\"caption\":\"T&T Luxury Home Rome\"},\"image\":{\"@id\":\"https:\/\/luxuryhomerome.com\/de\/#\/schema\/logo\/image\/\"},\"sameAs\":[\"https:\/\/www.facebook.com\/Luxuryhomerome-386585568762405\/\",\"https:\/\/x.com\/luxury_rome\",\"https:\/\/www.youtube.com\/channel\/UC7BuFhHu3TUxfigw9ZhvfBA\/videos\"]}]}<\/script>\n<!-- \/ Yoast SEO plugin. -->","yoast_head_json":{"title":"Allgemeine Bedingungen - Luxury Home Rome","robots":{"index":"index","follow":"follow","max-snippet":"max-snippet:-1","max-image-preview":"max-image-preview:large","max-video-preview":"max-video-preview:-1"},"canonical":"https:\/\/luxuryhomerome.com\/de\/allgemeine-bedingungen\/","og_locale":"de_DE","og_type":"article","og_title":"Allgemeine Bedingungen - Luxury Home Rome","og_description":"[vc_row][vc_column][vc_column_text] Allgemeine Gesch\u00e4ftsbedingungen Pachten Die Lage in der Viale Furio Camillo 50 int. 4 (1. Stock), 00181 Rome (RM) ist zwischen Massimo Tredicine und Daniele Tredicine und dem Kunden, der die folgenden Angaben machen muss, zwischen dem T &amp; T Luxury Home Rome und dem Kunden, der folgende Angaben machen muss, verpflichtet: Name und Vorname","og_url":"https:\/\/luxuryhomerome.com\/de\/allgemeine-bedingungen\/","og_site_name":"Luxury Home Rome","article_publisher":"https:\/\/www.facebook.com\/Luxuryhomerome-386585568762405\/","article_modified_time":"2019-04-21T04:30:16+00:00","og_image":[{"width":600,"height":600,"url":"https:\/\/luxuryhomerome.com\/wp-content\/uploads\/2018\/12\/logo-TT-oro-blu-600-x-600.png","type":"image\/png"}],"twitter_card":"summary_large_image","twitter_site":"@luxury_rome","twitter_misc":{"Gesch\u00e4tzte Lesezeit":"4\u00a0Minuten"},"schema":{"@context":"https:\/\/schema.org","@graph":[{"@type":"WebPage","@id":"https:\/\/luxuryhomerome.com\/de\/allgemeine-bedingungen\/","url":"https:\/\/luxuryhomerome.com\/de\/allgemeine-bedingungen\/","name":"Allgemeine Bedingungen - Luxury Home Rome","isPartOf":{"@id":"https:\/\/luxuryhomerome.com\/de\/#website"},"datePublished":"2018-12-26T18:50:01+00:00","dateModified":"2019-04-21T04:30:16+00:00","breadcrumb":{"@id":"https:\/\/luxuryhomerome.com\/de\/allgemeine-bedingungen\/#breadcrumb"},"inLanguage":"de","potentialAction":[{"@type":"ReadAction","target":["https:\/\/luxuryhomerome.com\/de\/allgemeine-bedingungen\/"]}]},{"@type":"BreadcrumbList","@id":"https:\/\/luxuryhomerome.com\/de\/allgemeine-bedingungen\/#breadcrumb","itemListElement":[{"@type":"ListItem","position":1,"name":"Home","item":"https:\/\/luxuryhomerome.com\/de\/"},{"@type":"ListItem","position":2,"name":"Allgemeine Bedingungen"}]},{"@type":"WebSite","@id":"https:\/\/luxuryhomerome.com\/de\/#website","url":"https:\/\/luxuryhomerome.com\/de\/","name":"Luxury Home Rome","description":"Ferienh\u00e4user und Ferienwohnungen zur kurzfristigen Vermietung in Rom","publisher":{"@id":"https:\/\/luxuryhomerome.com\/de\/#organization"},"potentialAction":[{"@type":"SearchAction","target":{"@type":"EntryPoint","urlTemplate":"https:\/\/luxuryhomerome.com\/de\/?s={search_term_string}"},"query-input":{"@type":"PropertyValueSpecification","valueRequired":true,"valueName":"search_term_string"}}],"inLanguage":"de"},{"@type":"Organization","@id":"https:\/\/luxuryhomerome.com\/de\/#organization","name":"T&T Luxury Home Rome","url":"https:\/\/luxuryhomerome.com\/de\/","logo":{"@type":"ImageObject","inLanguage":"de","@id":"https:\/\/luxuryhomerome.com\/de\/#\/schema\/logo\/image\/","url":"https:\/\/luxuryhomerome.com\/wp-content\/uploads\/2018\/12\/cropped-cropped-logo-TT-oro-blu-600-x-600.png","contentUrl":"https:\/\/luxuryhomerome.com\/wp-content\/uploads\/2018\/12\/cropped-cropped-logo-TT-oro-blu-600-x-600.png","width":512,"height":512,"caption":"T&T Luxury Home Rome"},"image":{"@id":"https:\/\/luxuryhomerome.com\/de\/#\/schema\/logo\/image\/"},"sameAs":["https:\/\/www.facebook.com\/Luxuryhomerome-386585568762405\/","https:\/\/x.com\/luxury_rome","https:\/\/www.youtube.com\/channel\/UC7BuFhHu3TUxfigw9ZhvfBA\/videos"]}]}},"_links":{"self":[{"href":"https:\/\/luxuryhomerome.com\/de\/wp-json\/wp\/v2\/pages\/1268","targetHints":{"allow":["GET"]}}],"collection":[{"href":"https:\/\/luxuryhomerome.com\/de\/wp-json\/wp\/v2\/pages"}],"about":[{"href":"https:\/\/luxuryhomerome.com\/de\/wp-json\/wp\/v2\/types\/page"}],"author":[{"embeddable":true,"href":"https:\/\/luxuryhomerome.com\/de\/wp-json\/wp\/v2\/users\/1"}],"replies":[{"embeddable":true,"href":"https:\/\/luxuryhomerome.com\/de\/wp-json\/wp\/v2\/comments?post=1268"}],"version-history":[{"count":0,"href":"https:\/\/luxuryhomerome.com\/de\/wp-json\/wp\/v2\/pages\/1268\/revisions"}],"wp:attachment":[{"href":"https:\/\/luxuryhomerome.com\/de\/wp-json\/wp\/v2\/media?parent=1268"}],"curies":[{"name":"wp","href":"https:\/\/api.w.org\/{rel}","templated":true}]}}