{"id":1875,"date":"2019-01-27T17:58:52","date_gmt":"2019-01-27T16:58:52","guid":{"rendered":"https:\/\/luxuryhomerome.com\/index.php\/conditions-generales\/"},"modified":"2019-04-21T04:28:49","modified_gmt":"2019-04-21T04:28:49","slug":"conditions-generales","status":"publish","type":"page","link":"https:\/\/luxuryhomerome.com\/fr\/conditions-generales\/","title":{"rendered":"Conditions G\u00e9n\u00e9rales"},"content":{"rendered":"<p>[vc_row][vc_column][vc_column_text]<\/p>\n<p style=\"text-align: center;\"><strong>Conditions g\u00e9n\u00e9rales<\/strong><\/p>\n<p><strong>bail<\/strong><br \/>\nL&#8217;emplacement dans Viale Furio Camillo 50 int. 4 (1er \u00e9tage), 00181 Rome (RM), est conclu entre T &amp; T Luxury Home Rome Massimo Tredicine et Daniele Tredicine et le client doit fournir les informations g\u00e9n\u00e9rales suivantes: Nom complet et lieu de r\u00e9sidence.<\/p>\n<p><strong>r\u00e9servation<\/strong><br \/>\nLes demandes de r\u00e9servation peuvent \u00eatre faites en ligne sur le portail Web \u00e0 l&#8217;adresse LuxuryHomeRome.com<br \/>\nPour la r\u00e9servation est due au paiement anticip\u00e9 de \u00ab \u00bb montant interne.<br \/>\nT &amp; T Luxury Home Rome se r\u00e9serve le droit de refuser une r\u00e9servation \u00e0 sa discr\u00e9tion.<\/p>\n<p><strong>Confirmation de la r\u00e9servation<\/strong><br \/>\nT &amp; T Luxury Home Rome envoyer par e-mail de confirmation de r\u00e9servation de l&#8217;appartement. Le client doit remplir tous les champs obligatoires sous la forme d&#8217;une r\u00e9servation de r\u00e9servation disponible sur le portail web LuxuryHomeRome.com<\/p>\n<p><strong>Les annulations<\/strong><br \/>\nEn cas d&#8217;annulation de la r\u00e9servation appliquer les dispositions suivantes:<br \/>\nJusqu&#8217;\u00e0 7 jours avant l&#8217;arriv\u00e9e, il y avait seulement 30% du montant;<br \/>\nMoins de 7 jours avant l&#8217;arriv\u00e9e, le montant total est d\u00fb.<\/p>\n<p><strong>Tarifs<\/strong><br \/>\nLes taux sont le co\u00fbt total des appartements. Tous les prix sont TTC.<\/p>\n<p><strong>P\u00e9riode de location minimum<\/strong><br \/>\nLa dur\u00e9e minimale de location est fix\u00e9 dans deux (2) nuits, dans des cas particuliers, la propri\u00e9t\u00e9 se r\u00e9serve le droit d&#8217;accepter les r\u00e9servations de dur\u00e9e diff\u00e9rente.<\/p>\n<p><strong>Heure d&#8217;arriv\u00e9e et de d\u00e9part<\/strong><br \/>\nT &amp; T Luxury Home Rome ne propose pas une r\u00e9ception de 24 heures. Avant de pouvoir organiser l&#8217;enregistrement, le client doit informer T &amp; T Accueil de luxe \u00e0 l&#8217;heure d&#8217;arriv\u00e9e pr\u00e9vue Rome.<br \/>\nL&#8217;enregistrement a lieu \u00e0 partir de 14h00 le jour de l&#8217;arriv\u00e9e.<br \/>\nLe d\u00e9part est \u00e0 10h00 le jour du d\u00e9part.<br \/>\nT &amp; T Luxury Home Rome permettra \u00e0 l&#8217;entr\u00e9e et la sortie sur le temps sp\u00e9cifi\u00e9; le client doit effectuer la proc\u00e9dure d&#8217;ouverture et la fermeture de l&#8217;appartement suivant les instructions contenues dans un e-mail qui recevra lors de la r\u00e9servation.<\/p>\n<p><strong>R\u00e9ception et enregistrement des pr\u00e9sences<\/strong><br \/>\n\u00c0 l&#8217;arriv\u00e9e dans un logement, le client doit pr\u00e9senter une identification \u00e0 la propri\u00e9t\u00e9 ou son responsable de l&#8217;enregistrement, conform\u00e9ment \u00e0 la loi.<br \/>\nLe client accepte de suivre les instructions re\u00e7ues lors de l&#8217;enregistrement.<\/p>\n<p><strong>d\u00e9p\u00f4t<\/strong><br \/>\nBien qu&#8217;un d\u00e9p\u00f4t de garantie est exig\u00e9 \u00e0 l&#8217;arriv\u00e9e dans T &amp; T Luxury Home Rome, tout dommage \u00e0 l&#8217;appartement, le mobilier, l&#8217;\u00e9quipement ou du b\u00e2timent, caus\u00e9 par le client pendant le s\u00e9jour devra \u00eatre compens\u00e9.<\/p>\n<p><strong>Visiteurs &#8211; Animaux &#8211; Fumeurs<\/strong><br \/>\nLe nombre de personnes autoris\u00e9es dans l&#8217;appartement lou\u00e9 ne doit pas d\u00e9passer le nombre maximal indiqu\u00e9 dans la description telle qu&#8217;elle appara\u00eet sur le site Web ou tout autre mat\u00e9riel publicitaire. Et \u00ab ne pas fumer dans les appartements.<br \/>\nLes animaux sont interdits \u00e0 l&#8217;int\u00e9rieur des appartements. Il est interdit de sous-louer l&#8217;appartement \u00e0 louer.<br \/>\nSi le client ne remplit aucun des points contenus dans la pr\u00e9sente section, T &amp; T Luxury Home Rome demandera au client de quitter imm\u00e9diatement l&#8217;appartement.<br \/>\nIl est interdit d&#8217;amener des invit\u00e9s dans l&#8217;appartement est pas inscrit un passeport ou d&#8217;un document d&#8217;identit\u00e9 valide ou sans la permission du propri\u00e9taire.<br \/>\nPour nous les adultes et les enfants sont nos chers invit\u00e9s, aucune distinction ne pr\u00e9vu \u00eatre fourni, les tarifs sur l&#8217;h\u00e9bergement.<\/p>\n<p><strong>coffre-fort<\/strong><br \/>\nTous les appartements ne sont pas \u00e9quip\u00e9s d&#8217;un coffre-fort. T &amp; T Luxury Home Rome n&#8217;est pas responsable de la perte de tr\u00e9sorerie, des documents, des objets de valeur laiss\u00e9s dans l&#8217;appartement.<\/p>\n<p><strong>Nettoyage &#8211; Maintenance<\/strong><br \/>\nLes logements sont livr\u00e9s propres et en parfait \u00e9tat. Le nettoyage standard n&#8217;inclut pas le nettoyage de la kitchenette et l&#8217;enl\u00e8vement des ordures qui sont \u00e0 la charge du client. Si n\u00e9cessaire, la propri\u00e9t\u00e9 ou son repr\u00e9sentant se r\u00e9serve le droit d&#8217;acc\u00e9der \u00e0 l&#8217;appartement lou\u00e9 pour effectuer des op\u00e9rations de maintenance et d&#8217;inspection.<\/p>\n<p><strong>Nettoyage suppl\u00e9mentaire &#8211; Parking<\/strong><br \/>\nUn service de nettoyage suppl\u00e9mentaire peut \u00eatre r\u00e9serv\u00e9 et pay\u00e9 s\u00e9par\u00e9ment, \u00e0 condition que la demande soit faite \u00e0 l&#8217;avance pour permettre \u00e0 la direction de T &amp; T Luxury Home Rome d&#8217;organiser le nettoyage. Le co\u00fbt du stationnement pour les voitures est de 10,00 \u20ac par jour.<\/p>\n<p><strong>comportement<\/strong><br \/>\nLa personne effectuant la r\u00e9servation est responsable du comportement correct et convenable de tous les invit\u00e9s qui utiliseront l&#8217;appartement. Si un ou plusieurs invit\u00e9s se comportaient de mani\u00e8re inacceptable, T &amp; T Luxury Home Rome demandera de quitter imm\u00e9diatement l&#8217;appartement pour le loyer.<\/p>\n<p><strong>responsabilit\u00e9<\/strong><br \/>\nChaque h\u00e9bergement a \u00e9t\u00e9 visit\u00e9 et v\u00e9rifi\u00e9 par la propri\u00e9t\u00e9. Les descriptions contenues dans les pages Web sont correctes et \u00e9crites de bonne foi. En cas de probl\u00e8me, le client est invit\u00e9 \u00e0 contacter imm\u00e9diatement la propri\u00e9t\u00e9 ou son repr\u00e9sentant. Le client s&#8217;engage \u00e0 accorder \u00e0 la propri\u00e9t\u00e9 le temps n\u00e9cessaire pour r\u00e9soudre tout probl\u00e8me.<\/p>\n<p>Juridiction et comp\u00e9tence juridique<br \/>\nPour tout litige concernant la r\u00e9servation et le contrat de location, le tribunal comp\u00e9tent est Rome. La loi applicable est la loi italienne.<\/p>\n<p><strong>Avis de confidentialit\u00e9<\/strong><\/p>\n<p>En r\u00e9f\u00e9rence \u00e0 l&#8217;art. 13 loi 196\/03, nous vous rappelons que les donn\u00e9es collect\u00e9es ont pour seul objectif de pouvoir satisfaire le service demand\u00e9.<br \/>\nCes informations ne peuvent \u00eatre communiqu\u00e9es qu&#8217;au personnel en charge de cette activit\u00e9 et diffus\u00e9es exclusivement dans le cadre des services rendus. Les informations peuvent \u00e9galement \u00eatre trait\u00e9es \u00e9lectroniquement conform\u00e9ment aux lois applicables.<\/p>\n<p><strong>Notes g\u00e9n\u00e9rales<\/strong><\/p>\n<p>La connaissance des Conditions g\u00e9n\u00e9rales implique leur acceptation sans r\u00e9serve ni exception.<\/p>\n<p><strong>Contribution de la r\u00e9sidence<\/strong><\/p>\n<p>La contribution de s\u00e9jour dans les &#8220;Maisons et Appartements&#8221; de la ville de Rome est de 3,5 \u20ac par jour et par personne, vous payez en esp\u00e8ces lors des op\u00e9rations d&#8217;enregistrement.[\/vc_column_text][\/vc_column][\/vc_row]<\/p>\n","protected":false},"excerpt":{"rendered":"<p>[vc_row][vc_column][vc_column_text] Conditions g\u00e9n\u00e9rales bail L&#8217;emplacement dans Viale Furio Camillo 50 int. 4 (1er \u00e9tage), 00181 Rome (RM), est conclu entre T &amp; T Luxury Home Rome Massimo Tredicine et Daniele Tredicine et le client doit fournir les informations g\u00e9n\u00e9rales suivantes: Nom complet et lieu de r\u00e9sidence. r\u00e9servation Les demandes de r\u00e9servation peuvent \u00eatre faites en<\/p>\n<a href=\"https:\/\/luxuryhomerome.com\/fr\/conditions-generales\/\" class=\"sohohotel-more-link\">Lire la suite<i class=\"fa fa-angle-right\"><\/i><\/a>","protected":false},"author":1,"featured_media":1853,"parent":0,"menu_order":0,"comment_status":"closed","ping_status":"closed","template":"","meta":{"om_disable_all_campaigns":false,"_monsterinsights_skip_tracking":false,"_monsterinsights_sitenote_active":false,"_monsterinsights_sitenote_note":"","_monsterinsights_sitenote_category":0,"_uf_show_specific_survey":0,"_uf_disable_surveys":false,"footnotes":""},"class_list":["post-1875","page","type-page","status-publish","has-post-thumbnail","hentry"],"aioseo_notices":[],"yoast_head":"<!-- This site is optimized with the Yoast SEO plugin v26.4 - https:\/\/yoast.com\/wordpress\/plugins\/seo\/ -->\n<title>Conditions G\u00e9n\u00e9rales - Luxury Home Rome<\/title>\n<meta name=\"robots\" content=\"index, follow, max-snippet:-1, max-image-preview:large, max-video-preview:-1\" \/>\n<link rel=\"canonical\" href=\"https:\/\/luxuryhomerome.com\/fr\/conditions-generales\/\" \/>\n<meta property=\"og:locale\" content=\"fr_FR\" \/>\n<meta property=\"og:type\" content=\"article\" \/>\n<meta property=\"og:title\" content=\"Conditions G\u00e9n\u00e9rales - Luxury Home Rome\" \/>\n<meta property=\"og:description\" content=\"[vc_row][vc_column][vc_column_text] Conditions g\u00e9n\u00e9rales bail L&#8217;emplacement dans Viale Furio Camillo 50 int. 4 (1er \u00e9tage), 00181 Rome (RM), est conclu entre T &amp; T Luxury Home Rome Massimo Tredicine et Daniele Tredicine et le client doit fournir les informations g\u00e9n\u00e9rales suivantes: Nom complet et lieu de r\u00e9sidence. r\u00e9servation Les demandes de r\u00e9servation peuvent \u00eatre faites en\" \/>\n<meta property=\"og:url\" content=\"https:\/\/luxuryhomerome.com\/fr\/conditions-generales\/\" \/>\n<meta property=\"og:site_name\" content=\"Luxury Home Rome\" \/>\n<meta property=\"article:publisher\" content=\"https:\/\/www.facebook.com\/Luxuryhomerome-386585568762405\/\" \/>\n<meta property=\"article:modified_time\" content=\"2019-04-21T04:28:49+00:00\" \/>\n<meta property=\"og:image\" content=\"https:\/\/luxuryhomerome.com\/wp-content\/uploads\/2018\/11\/image23-2.jpg\" \/>\n\t<meta property=\"og:image:width\" content=\"1920\" \/>\n\t<meta property=\"og:image:height\" content=\"250\" \/>\n\t<meta property=\"og:image:type\" content=\"image\/jpeg\" \/>\n<meta name=\"twitter:card\" content=\"summary_large_image\" \/>\n<meta name=\"twitter:site\" content=\"@luxury_rome\" \/>\n<meta name=\"twitter:label1\" content=\"Dur\u00e9e de lecture estim\u00e9e\" \/>\n\t<meta name=\"twitter:data1\" content=\"5 minutes\" \/>\n<script type=\"application\/ld+json\" class=\"yoast-schema-graph\">{\"@context\":\"https:\/\/schema.org\",\"@graph\":[{\"@type\":\"WebPage\",\"@id\":\"https:\/\/luxuryhomerome.com\/fr\/conditions-generales\/\",\"url\":\"https:\/\/luxuryhomerome.com\/fr\/conditions-generales\/\",\"name\":\"Conditions G\u00e9n\u00e9rales - Luxury Home Rome\",\"isPartOf\":{\"@id\":\"https:\/\/luxuryhomerome.com\/fr\/#website\"},\"primaryImageOfPage\":{\"@id\":\"https:\/\/luxuryhomerome.com\/fr\/conditions-generales\/#primaryimage\"},\"image\":{\"@id\":\"https:\/\/luxuryhomerome.com\/fr\/conditions-generales\/#primaryimage\"},\"thumbnailUrl\":\"https:\/\/luxuryhomerome.com\/wp-content\/uploads\/2018\/11\/image23-2.jpg\",\"datePublished\":\"2019-01-27T16:58:52+00:00\",\"dateModified\":\"2019-04-21T04:28:49+00:00\",\"breadcrumb\":{\"@id\":\"https:\/\/luxuryhomerome.com\/fr\/conditions-generales\/#breadcrumb\"},\"inLanguage\":\"fr-FR\",\"potentialAction\":[{\"@type\":\"ReadAction\",\"target\":[\"https:\/\/luxuryhomerome.com\/fr\/conditions-generales\/\"]}]},{\"@type\":\"ImageObject\",\"inLanguage\":\"fr-FR\",\"@id\":\"https:\/\/luxuryhomerome.com\/fr\/conditions-generales\/#primaryimage\",\"url\":\"https:\/\/luxuryhomerome.com\/wp-content\/uploads\/2018\/11\/image23-2.jpg\",\"contentUrl\":\"https:\/\/luxuryhomerome.com\/wp-content\/uploads\/2018\/11\/image23-2.jpg\",\"width\":1920,\"height\":250,\"caption\":\"Case e appartamenti per vacanze e\/o in affitto a breve termine a Roma, alloggi di qualit\u00e0 con ogni comfort a prezzi economici per periodi: giornaliero,\"},{\"@type\":\"BreadcrumbList\",\"@id\":\"https:\/\/luxuryhomerome.com\/fr\/conditions-generales\/#breadcrumb\",\"itemListElement\":[{\"@type\":\"ListItem\",\"position\":1,\"name\":\"Home\",\"item\":\"https:\/\/luxuryhomerome.com\/fr\/\"},{\"@type\":\"ListItem\",\"position\":2,\"name\":\"Conditions G\u00e9n\u00e9rales\"}]},{\"@type\":\"WebSite\",\"@id\":\"https:\/\/luxuryhomerome.com\/fr\/#website\",\"url\":\"https:\/\/luxuryhomerome.com\/fr\/\",\"name\":\"Luxury Home Rome\",\"description\":\"Maisons et appartements de vacances \u00e0 louer \u00e0 court terme \u00e0 Rome\",\"publisher\":{\"@id\":\"https:\/\/luxuryhomerome.com\/fr\/#organization\"},\"potentialAction\":[{\"@type\":\"SearchAction\",\"target\":{\"@type\":\"EntryPoint\",\"urlTemplate\":\"https:\/\/luxuryhomerome.com\/fr\/?s={search_term_string}\"},\"query-input\":{\"@type\":\"PropertyValueSpecification\",\"valueRequired\":true,\"valueName\":\"search_term_string\"}}],\"inLanguage\":\"fr-FR\"},{\"@type\":\"Organization\",\"@id\":\"https:\/\/luxuryhomerome.com\/fr\/#organization\",\"name\":\"T&T Luxury Home Rome\",\"url\":\"https:\/\/luxuryhomerome.com\/fr\/\",\"logo\":{\"@type\":\"ImageObject\",\"inLanguage\":\"fr-FR\",\"@id\":\"https:\/\/luxuryhomerome.com\/fr\/#\/schema\/logo\/image\/\",\"url\":\"https:\/\/luxuryhomerome.com\/wp-content\/uploads\/2018\/12\/cropped-cropped-logo-TT-oro-blu-600-x-600.png\",\"contentUrl\":\"https:\/\/luxuryhomerome.com\/wp-content\/uploads\/2018\/12\/cropped-cropped-logo-TT-oro-blu-600-x-600.png\",\"width\":512,\"height\":512,\"caption\":\"T&T Luxury Home Rome\"},\"image\":{\"@id\":\"https:\/\/luxuryhomerome.com\/fr\/#\/schema\/logo\/image\/\"},\"sameAs\":[\"https:\/\/www.facebook.com\/Luxuryhomerome-386585568762405\/\",\"https:\/\/x.com\/luxury_rome\",\"https:\/\/www.youtube.com\/channel\/UC7BuFhHu3TUxfigw9ZhvfBA\/videos\"]}]}<\/script>\n<!-- \/ Yoast SEO plugin. -->","yoast_head_json":{"title":"Conditions G\u00e9n\u00e9rales - Luxury Home Rome","robots":{"index":"index","follow":"follow","max-snippet":"max-snippet:-1","max-image-preview":"max-image-preview:large","max-video-preview":"max-video-preview:-1"},"canonical":"https:\/\/luxuryhomerome.com\/fr\/conditions-generales\/","og_locale":"fr_FR","og_type":"article","og_title":"Conditions G\u00e9n\u00e9rales - Luxury Home Rome","og_description":"[vc_row][vc_column][vc_column_text] Conditions g\u00e9n\u00e9rales bail L&#8217;emplacement dans Viale Furio Camillo 50 int. 4 (1er \u00e9tage), 00181 Rome (RM), est conclu entre T &amp; T Luxury Home Rome Massimo Tredicine et Daniele Tredicine et le client doit fournir les informations g\u00e9n\u00e9rales suivantes: Nom complet et lieu de r\u00e9sidence. r\u00e9servation Les demandes de r\u00e9servation peuvent \u00eatre faites en","og_url":"https:\/\/luxuryhomerome.com\/fr\/conditions-generales\/","og_site_name":"Luxury Home Rome","article_publisher":"https:\/\/www.facebook.com\/Luxuryhomerome-386585568762405\/","article_modified_time":"2019-04-21T04:28:49+00:00","og_image":[{"width":1920,"height":250,"url":"https:\/\/luxuryhomerome.com\/wp-content\/uploads\/2018\/11\/image23-2.jpg","type":"image\/jpeg"}],"twitter_card":"summary_large_image","twitter_site":"@luxury_rome","twitter_misc":{"Dur\u00e9e de lecture estim\u00e9e":"5 minutes"},"schema":{"@context":"https:\/\/schema.org","@graph":[{"@type":"WebPage","@id":"https:\/\/luxuryhomerome.com\/fr\/conditions-generales\/","url":"https:\/\/luxuryhomerome.com\/fr\/conditions-generales\/","name":"Conditions G\u00e9n\u00e9rales - Luxury Home Rome","isPartOf":{"@id":"https:\/\/luxuryhomerome.com\/fr\/#website"},"primaryImageOfPage":{"@id":"https:\/\/luxuryhomerome.com\/fr\/conditions-generales\/#primaryimage"},"image":{"@id":"https:\/\/luxuryhomerome.com\/fr\/conditions-generales\/#primaryimage"},"thumbnailUrl":"https:\/\/luxuryhomerome.com\/wp-content\/uploads\/2018\/11\/image23-2.jpg","datePublished":"2019-01-27T16:58:52+00:00","dateModified":"2019-04-21T04:28:49+00:00","breadcrumb":{"@id":"https:\/\/luxuryhomerome.com\/fr\/conditions-generales\/#breadcrumb"},"inLanguage":"fr-FR","potentialAction":[{"@type":"ReadAction","target":["https:\/\/luxuryhomerome.com\/fr\/conditions-generales\/"]}]},{"@type":"ImageObject","inLanguage":"fr-FR","@id":"https:\/\/luxuryhomerome.com\/fr\/conditions-generales\/#primaryimage","url":"https:\/\/luxuryhomerome.com\/wp-content\/uploads\/2018\/11\/image23-2.jpg","contentUrl":"https:\/\/luxuryhomerome.com\/wp-content\/uploads\/2018\/11\/image23-2.jpg","width":1920,"height":250,"caption":"Case e appartamenti per vacanze e\/o in affitto a breve termine a Roma, alloggi di qualit\u00e0 con ogni comfort a prezzi economici per periodi: giornaliero,"},{"@type":"BreadcrumbList","@id":"https:\/\/luxuryhomerome.com\/fr\/conditions-generales\/#breadcrumb","itemListElement":[{"@type":"ListItem","position":1,"name":"Home","item":"https:\/\/luxuryhomerome.com\/fr\/"},{"@type":"ListItem","position":2,"name":"Conditions G\u00e9n\u00e9rales"}]},{"@type":"WebSite","@id":"https:\/\/luxuryhomerome.com\/fr\/#website","url":"https:\/\/luxuryhomerome.com\/fr\/","name":"Luxury Home Rome","description":"Maisons et appartements de vacances \u00e0 louer \u00e0 court terme \u00e0 Rome","publisher":{"@id":"https:\/\/luxuryhomerome.com\/fr\/#organization"},"potentialAction":[{"@type":"SearchAction","target":{"@type":"EntryPoint","urlTemplate":"https:\/\/luxuryhomerome.com\/fr\/?s={search_term_string}"},"query-input":{"@type":"PropertyValueSpecification","valueRequired":true,"valueName":"search_term_string"}}],"inLanguage":"fr-FR"},{"@type":"Organization","@id":"https:\/\/luxuryhomerome.com\/fr\/#organization","name":"T&T Luxury Home Rome","url":"https:\/\/luxuryhomerome.com\/fr\/","logo":{"@type":"ImageObject","inLanguage":"fr-FR","@id":"https:\/\/luxuryhomerome.com\/fr\/#\/schema\/logo\/image\/","url":"https:\/\/luxuryhomerome.com\/wp-content\/uploads\/2018\/12\/cropped-cropped-logo-TT-oro-blu-600-x-600.png","contentUrl":"https:\/\/luxuryhomerome.com\/wp-content\/uploads\/2018\/12\/cropped-cropped-logo-TT-oro-blu-600-x-600.png","width":512,"height":512,"caption":"T&T Luxury Home Rome"},"image":{"@id":"https:\/\/luxuryhomerome.com\/fr\/#\/schema\/logo\/image\/"},"sameAs":["https:\/\/www.facebook.com\/Luxuryhomerome-386585568762405\/","https:\/\/x.com\/luxury_rome","https:\/\/www.youtube.com\/channel\/UC7BuFhHu3TUxfigw9ZhvfBA\/videos"]}]}},"_links":{"self":[{"href":"https:\/\/luxuryhomerome.com\/fr\/wp-json\/wp\/v2\/pages\/1875","targetHints":{"allow":["GET"]}}],"collection":[{"href":"https:\/\/luxuryhomerome.com\/fr\/wp-json\/wp\/v2\/pages"}],"about":[{"href":"https:\/\/luxuryhomerome.com\/fr\/wp-json\/wp\/v2\/types\/page"}],"author":[{"embeddable":true,"href":"https:\/\/luxuryhomerome.com\/fr\/wp-json\/wp\/v2\/users\/1"}],"replies":[{"embeddable":true,"href":"https:\/\/luxuryhomerome.com\/fr\/wp-json\/wp\/v2\/comments?post=1875"}],"version-history":[{"count":0,"href":"https:\/\/luxuryhomerome.com\/fr\/wp-json\/wp\/v2\/pages\/1875\/revisions"}],"wp:featuredmedia":[{"embeddable":true,"href":"https:\/\/luxuryhomerome.com\/fr\/wp-json\/wp\/v2\/media\/1853"}],"wp:attachment":[{"href":"https:\/\/luxuryhomerome.com\/fr\/wp-json\/wp\/v2\/media?parent=1875"}],"curies":[{"name":"wp","href":"https:\/\/api.w.org\/{rel}","templated":true}]}}