{"id":3898,"date":"2019-05-29T20:13:46","date_gmt":"2019-05-29T20:13:46","guid":{"rendered":"https:\/\/luxuryhomerome.com\/reservez-maintenant\/"},"modified":"2019-05-29T20:23:23","modified_gmt":"2019-05-29T20:23:23","slug":"reservez-maintenant","status":"publish","type":"page","link":"https:\/\/luxuryhomerome.com\/fr\/reservez-maintenant\/","title":{"rendered":"R\u00e9servez maintenant"},"content":{"rendered":"<p>[vc_row css=&#8221;.vc_custom_1559146071416{background-image: url(https:\/\/luxuryhomerome.com\/wp-content\/uploads\/2019\/05\/24.jpg?id=3354) !important;}&#8221;][vc_column][vc_empty_space height=&#8221;100px&#8221;][vc_row_inner][vc_column_inner width=&#8221;1\/2&#8243;]\t\t\n\t\t<!-- BEGIN .vertical-booking-form-wrapper -->\n\t\t<div class=\"vertical-booking-form-wrapper\">\n\n\t\t\t<!-- BEGIN .booking-form -->\n\t\t\t<form class=\"booking-form vertical-booking-form\" action=\"https:\/\/luxuryhomerome.com\/fr\/reservation\/\" method=\"post\" autocomplete=\"off\">\t\n\t\t\t\t\n\t\t\t\t<input type=\"hidden\" id=\"check_in_hidden\" value=\"\" \/>\n\t\t\t\t\n\t\t\t\t\t\t\t\t\n\t\t\t\t<div class=\"booking-form-input-1\">\n\t\t\t\t\t<label for=\"check_in\">Date d&#039;entr\u00e9e<\/label>\n\t\t\t\t\t<div class=\"input-wrapper\">\n\t\t\t\t\t\t<i class=\"fa fa-angle-down\"><\/i>\n\t\t\t\t\t\t<input type=\"text\" id=\"check_in\" name=\"check_in_display\" value=\"Date d&#039;entr\u00e9e\" \/>\n\t\t\t\t\t\t<input type=\"hidden\" id=\"check_in_alt\" name=\"check_in\" value=\"\" \/>\n\t\t\t\t\t<\/div>\n\t\t\t\t<\/div>\n\n\t\t\t\t<div class=\"booking-form-input-2\">\n\t\t\t\t\t<label for=\"check_out\">Date de sortie<\/label>\n\t\t\t\t\t<div class=\"input-wrapper\">\n\t\t\t\t\t\t<i class=\"fa fa-angle-down\"><\/i>\n\t\t\t\t\t\t<input type=\"text\" id=\"check_out\" name=\"check_out_display\" value=\"Date de sortie\" \/>\n\t\t\t\t\t\t<input type=\"hidden\" id=\"check_out_alt\" name=\"check_out\" value=\"\" \/>\n\t\t\t\t\t<\/div>\n\t\t\t\t<\/div>\n\n\t\t\t\t<div class=\"booking-form-input-3 clearfix\">\n\n\t\t\t\t\t<div class=\"qns-one-half\">\n\t\t\t\t\t\t<label for=\"book_room_adults_1\">nvit\u00e9s(Invit\u00e9es)<\/label>\n\t\t\t\t\t\t<div class=\"select-wrapper\">\n\t\t\t\t\t\t\t<i class=\"fa fa-angle-down\"><\/i>\n\t\t\t\t\t\t\t<select id=\"book_room_adults_1\" name=\"book_room_adults_1\">\n\t\t\t\t\t\t\t\t<option value=\"none\">nvit\u00e9s(Invit\u00e9es)<\/option>\n\t\t\t\t\t\t\t\t\t\t\t\t\t\t\t\t\t<option value=\"1\">1<\/option>\n\t\t\t\t\t\t\t\t\t\t\t\t\t\t\t\t\t<option value=\"2\">2<\/option>\n\t\t\t\t\t\t\t\t\t\t\t\t\t\t\t\t\t<option value=\"3\">3<\/option>\n\t\t\t\t\t\t\t\t\t\t\t\t\t\t\t\t\t<option value=\"4\">4<\/option>\n\t\t\t\t\t\t\t\t\t\t\t\t\t\t\t<\/select>\n\t\t\t\t\t\t<\/div>\n\t\t\t\t\t<\/div>\n\n\t\t\t\t\t<div class=\"qns-one-half qns-last\">\n\t\t\t\t\t\t<label for=\"book_room_children_1\">Children<\/label>\n\t\t\t\t\t\t<div class=\"select-wrapper\">\n\t\t\t\t\t\t\t<i class=\"fa fa-angle-down\"><\/i>\n\t\t\t\t\t\t\t<select id=\"book_room_children_1\" name=\"book_room_children_1\">\n\t\t\t\t\t\t\t\t<option value=\"none\">Children<\/option>\n\t\t\t\t\t\t\t\t\t\t\t\t\t\t\t\t\t<option value=\"0\">0<\/option>\n\t\t\t\t\t\t\t\t\t\t\t\t\t\t\t\t\t<option value=\"1\">1<\/option>\n\t\t\t\t\t\t\t\t\t\t\t\t\t\t\t\t\t<option value=\"2\">2<\/option>\n\t\t\t\t\t\t\t\t\t\t\t\t\t\t\t\t\t<option value=\"3\">3<\/option>\n\t\t\t\t\t\t\t\t\t\t\t\t\t\t\t\t\t<option value=\"4\">4<\/option>\n\t\t\t\t\t\t\t\t\t\t\t\t\t\t\t<\/select>\n\t\t\t\t\t\t<\/div>\n\t\t\t\t\t<\/div>\n\n\t\t\t\t<\/div>\n\n\t\t\t\t<div class=\"booking-form-input-5\">\n\t\t\t\t\t<input type=\"hidden\" id=\"external_form\" name=\"external_form\" value=\"true\" \/>\n\t\t\t\t\t<input type=\"hidden\" id=\"book_room\" name=\"book_room\" value=\"1\" \/>\n\t\t\t\t\t<button type=\"submit\" class=\"external_bookingbutton\">Voir disponibilit\u00e9s <i class=\"fa fa-calendar\"><\/i><\/button>\n\t\t\t\t<\/div>\n\n\t\t\t<!-- END  .booking-form -->\n\t\t\t<\/form>\n\t\t\t\n\t\t<!-- END .vertical-booking-form-wrapper -->\n\t\t<\/div>\n\t\n\t[\/vc_column_inner][vc_column_inner width=&#8221;1\/2&#8243;][vc_column_text]<\/p>\n<h2 class=\"widgettitle\" style=\"text-align: center;\">Confort et qualit\u00e9 dans une position strat\u00e9gique \u00e0 Rome!<\/h2>\n<p>[\/vc_column_text][\/vc_column_inner][\/vc_row_inner][vc_empty_space height=&#8221;100px&#8221;][\/vc_column][\/vc_row]<\/p>\n","protected":false},"excerpt":{"rendered":"<p>[vc_row css=&#8221;.vc_custom_1559146071416{background-image: url(https:\/\/luxuryhomerome.com\/wp-content\/uploads\/2019\/05\/24.jpg?id=3354) !important;}&#8221;][vc_column][vc_empty_space height=&#8221;100px&#8221;][vc_row_inner][vc_column_inner width=&#8221;1\/2&#8243;][\/vc_column_inner][vc_column_inner width=&#8221;1\/2&#8243;][vc_column_text] Confort et qualit\u00e9 dans une position strat\u00e9gique \u00e0 Rome! [\/vc_column_text][\/vc_column_inner][\/vc_row_inner][vc_empty_space height=&#8221;100px&#8221;][\/vc_column][\/vc_row]<\/p>\n<a href=\"https:\/\/luxuryhomerome.com\/fr\/reservez-maintenant\/\" class=\"sohohotel-more-link\">Lire la suite<i class=\"fa fa-angle-right\"><\/i><\/a>","protected":false},"author":3,"featured_media":3357,"parent":0,"menu_order":0,"comment_status":"closed","ping_status":"closed","template":"","meta":{"om_disable_all_campaigns":false,"_monsterinsights_skip_tracking":false,"_monsterinsights_sitenote_active":false,"_monsterinsights_sitenote_note":"","_monsterinsights_sitenote_category":0,"_uf_show_specific_survey":0,"_uf_disable_surveys":false,"footnotes":""},"class_list":["post-3898","page","type-page","status-publish","has-post-thumbnail","hentry"],"aioseo_notices":[],"yoast_head":"<!-- This site is optimized with the Yoast SEO plugin v26.4 - https:\/\/yoast.com\/wordpress\/plugins\/seo\/ -->\n<title>R\u00e9servez maintenant - Luxury Home Rome<\/title>\n<meta name=\"robots\" content=\"index, follow, max-snippet:-1, max-image-preview:large, max-video-preview:-1\" \/>\n<link rel=\"canonical\" href=\"https:\/\/luxuryhomerome.com\/fr\/reservez-maintenant\/\" \/>\n<meta property=\"og:locale\" content=\"fr_FR\" \/>\n<meta property=\"og:type\" content=\"article\" \/>\n<meta property=\"og:title\" content=\"R\u00e9servez maintenant - Luxury Home Rome\" \/>\n<meta property=\"og:description\" content=\"[vc_row css=&#8221;.vc_custom_1559146071416{background-image: url(https:\/\/luxuryhomerome.com\/wp-content\/uploads\/2019\/05\/24.jpg?id=3354) !important;}&#8221;][vc_column][vc_empty_space height=&#8221;100px&#8221;][vc_row_inner][vc_column_inner width=&#8221;1\/2&#8243;][\/vc_column_inner][vc_column_inner width=&#8221;1\/2&#8243;][vc_column_text] Confort et qualit\u00e9 dans une position strat\u00e9gique \u00e0 Rome! [\/vc_column_text][\/vc_column_inner][\/vc_row_inner][vc_empty_space height=&#8221;100px&#8221;][\/vc_column][\/vc_row]\" \/>\n<meta property=\"og:url\" content=\"https:\/\/luxuryhomerome.com\/fr\/reservez-maintenant\/\" \/>\n<meta property=\"og:site_name\" content=\"Luxury Home Rome\" \/>\n<meta property=\"article:publisher\" content=\"https:\/\/www.facebook.com\/Luxuryhomerome-386585568762405\/\" \/>\n<meta property=\"article:modified_time\" content=\"2019-05-29T20:23:23+00:00\" \/>\n<meta property=\"og:image\" content=\"https:\/\/luxuryhomerome.com\/wp-content\/uploads\/2019\/05\/24.jpg\" \/>\n\t<meta property=\"og:image:width\" content=\"1920\" \/>\n\t<meta property=\"og:image:height\" content=\"1000\" \/>\n\t<meta property=\"og:image:type\" content=\"image\/jpeg\" \/>\n<meta name=\"twitter:card\" content=\"summary_large_image\" \/>\n<meta name=\"twitter:site\" content=\"@luxury_rome\" \/>\n<script type=\"application\/ld+json\" class=\"yoast-schema-graph\">{\"@context\":\"https:\/\/schema.org\",\"@graph\":[{\"@type\":\"WebPage\",\"@id\":\"https:\/\/luxuryhomerome.com\/fr\/reservez-maintenant\/\",\"url\":\"https:\/\/luxuryhomerome.com\/fr\/reservez-maintenant\/\",\"name\":\"R\u00e9servez maintenant - Luxury Home Rome\",\"isPartOf\":{\"@id\":\"https:\/\/luxuryhomerome.com\/fr\/#website\"},\"primaryImageOfPage\":{\"@id\":\"https:\/\/luxuryhomerome.com\/fr\/reservez-maintenant\/#primaryimage\"},\"image\":{\"@id\":\"https:\/\/luxuryhomerome.com\/fr\/reservez-maintenant\/#primaryimage\"},\"thumbnailUrl\":\"https:\/\/luxuryhomerome.com\/wp-content\/uploads\/2019\/05\/24.jpg\",\"datePublished\":\"2019-05-29T20:13:46+00:00\",\"dateModified\":\"2019-05-29T20:23:23+00:00\",\"breadcrumb\":{\"@id\":\"https:\/\/luxuryhomerome.com\/fr\/reservez-maintenant\/#breadcrumb\"},\"inLanguage\":\"fr-FR\",\"potentialAction\":[{\"@type\":\"ReadAction\",\"target\":[\"https:\/\/luxuryhomerome.com\/fr\/reservez-maintenant\/\"]}]},{\"@type\":\"ImageObject\",\"inLanguage\":\"fr-FR\",\"@id\":\"https:\/\/luxuryhomerome.com\/fr\/reservez-maintenant\/#primaryimage\",\"url\":\"https:\/\/luxuryhomerome.com\/wp-content\/uploads\/2019\/05\/24.jpg\",\"contentUrl\":\"https:\/\/luxuryhomerome.com\/wp-content\/uploads\/2019\/05\/24.jpg\",\"width\":1920,\"height\":1000},{\"@type\":\"BreadcrumbList\",\"@id\":\"https:\/\/luxuryhomerome.com\/fr\/reservez-maintenant\/#breadcrumb\",\"itemListElement\":[{\"@type\":\"ListItem\",\"position\":1,\"name\":\"Home\",\"item\":\"https:\/\/luxuryhomerome.com\/fr\/\"},{\"@type\":\"ListItem\",\"position\":2,\"name\":\"R\u00e9servez maintenant\"}]},{\"@type\":\"WebSite\",\"@id\":\"https:\/\/luxuryhomerome.com\/fr\/#website\",\"url\":\"https:\/\/luxuryhomerome.com\/fr\/\",\"name\":\"Luxury Home Rome\",\"description\":\"Maisons et appartements de vacances \u00e0 louer \u00e0 court terme \u00e0 Rome\",\"publisher\":{\"@id\":\"https:\/\/luxuryhomerome.com\/fr\/#organization\"},\"potentialAction\":[{\"@type\":\"SearchAction\",\"target\":{\"@type\":\"EntryPoint\",\"urlTemplate\":\"https:\/\/luxuryhomerome.com\/fr\/?s={search_term_string}\"},\"query-input\":{\"@type\":\"PropertyValueSpecification\",\"valueRequired\":true,\"valueName\":\"search_term_string\"}}],\"inLanguage\":\"fr-FR\"},{\"@type\":\"Organization\",\"@id\":\"https:\/\/luxuryhomerome.com\/fr\/#organization\",\"name\":\"T&T Luxury Home Rome\",\"url\":\"https:\/\/luxuryhomerome.com\/fr\/\",\"logo\":{\"@type\":\"ImageObject\",\"inLanguage\":\"fr-FR\",\"@id\":\"https:\/\/luxuryhomerome.com\/fr\/#\/schema\/logo\/image\/\",\"url\":\"https:\/\/luxuryhomerome.com\/wp-content\/uploads\/2018\/12\/cropped-cropped-logo-TT-oro-blu-600-x-600.png\",\"contentUrl\":\"https:\/\/luxuryhomerome.com\/wp-content\/uploads\/2018\/12\/cropped-cropped-logo-TT-oro-blu-600-x-600.png\",\"width\":512,\"height\":512,\"caption\":\"T&T Luxury Home Rome\"},\"image\":{\"@id\":\"https:\/\/luxuryhomerome.com\/fr\/#\/schema\/logo\/image\/\"},\"sameAs\":[\"https:\/\/www.facebook.com\/Luxuryhomerome-386585568762405\/\",\"https:\/\/x.com\/luxury_rome\",\"https:\/\/www.youtube.com\/channel\/UC7BuFhHu3TUxfigw9ZhvfBA\/videos\"]}]}<\/script>\n<!-- \/ Yoast SEO plugin. -->","yoast_head_json":{"title":"R\u00e9servez maintenant - Luxury Home Rome","robots":{"index":"index","follow":"follow","max-snippet":"max-snippet:-1","max-image-preview":"max-image-preview:large","max-video-preview":"max-video-preview:-1"},"canonical":"https:\/\/luxuryhomerome.com\/fr\/reservez-maintenant\/","og_locale":"fr_FR","og_type":"article","og_title":"R\u00e9servez maintenant - Luxury Home Rome","og_description":"[vc_row css=&#8221;.vc_custom_1559146071416{background-image: url(https:\/\/luxuryhomerome.com\/wp-content\/uploads\/2019\/05\/24.jpg?id=3354) !important;}&#8221;][vc_column][vc_empty_space height=&#8221;100px&#8221;][vc_row_inner][vc_column_inner width=&#8221;1\/2&#8243;][\/vc_column_inner][vc_column_inner width=&#8221;1\/2&#8243;][vc_column_text] Confort et qualit\u00e9 dans une position strat\u00e9gique \u00e0 Rome! [\/vc_column_text][\/vc_column_inner][\/vc_row_inner][vc_empty_space height=&#8221;100px&#8221;][\/vc_column][\/vc_row]","og_url":"https:\/\/luxuryhomerome.com\/fr\/reservez-maintenant\/","og_site_name":"Luxury Home Rome","article_publisher":"https:\/\/www.facebook.com\/Luxuryhomerome-386585568762405\/","article_modified_time":"2019-05-29T20:23:23+00:00","og_image":[{"width":1920,"height":1000,"url":"https:\/\/luxuryhomerome.com\/wp-content\/uploads\/2019\/05\/24.jpg","type":"image\/jpeg"}],"twitter_card":"summary_large_image","twitter_site":"@luxury_rome","schema":{"@context":"https:\/\/schema.org","@graph":[{"@type":"WebPage","@id":"https:\/\/luxuryhomerome.com\/fr\/reservez-maintenant\/","url":"https:\/\/luxuryhomerome.com\/fr\/reservez-maintenant\/","name":"R\u00e9servez maintenant - Luxury Home Rome","isPartOf":{"@id":"https:\/\/luxuryhomerome.com\/fr\/#website"},"primaryImageOfPage":{"@id":"https:\/\/luxuryhomerome.com\/fr\/reservez-maintenant\/#primaryimage"},"image":{"@id":"https:\/\/luxuryhomerome.com\/fr\/reservez-maintenant\/#primaryimage"},"thumbnailUrl":"https:\/\/luxuryhomerome.com\/wp-content\/uploads\/2019\/05\/24.jpg","datePublished":"2019-05-29T20:13:46+00:00","dateModified":"2019-05-29T20:23:23+00:00","breadcrumb":{"@id":"https:\/\/luxuryhomerome.com\/fr\/reservez-maintenant\/#breadcrumb"},"inLanguage":"fr-FR","potentialAction":[{"@type":"ReadAction","target":["https:\/\/luxuryhomerome.com\/fr\/reservez-maintenant\/"]}]},{"@type":"ImageObject","inLanguage":"fr-FR","@id":"https:\/\/luxuryhomerome.com\/fr\/reservez-maintenant\/#primaryimage","url":"https:\/\/luxuryhomerome.com\/wp-content\/uploads\/2019\/05\/24.jpg","contentUrl":"https:\/\/luxuryhomerome.com\/wp-content\/uploads\/2019\/05\/24.jpg","width":1920,"height":1000},{"@type":"BreadcrumbList","@id":"https:\/\/luxuryhomerome.com\/fr\/reservez-maintenant\/#breadcrumb","itemListElement":[{"@type":"ListItem","position":1,"name":"Home","item":"https:\/\/luxuryhomerome.com\/fr\/"},{"@type":"ListItem","position":2,"name":"R\u00e9servez maintenant"}]},{"@type":"WebSite","@id":"https:\/\/luxuryhomerome.com\/fr\/#website","url":"https:\/\/luxuryhomerome.com\/fr\/","name":"Luxury Home Rome","description":"Maisons et appartements de vacances \u00e0 louer \u00e0 court terme \u00e0 Rome","publisher":{"@id":"https:\/\/luxuryhomerome.com\/fr\/#organization"},"potentialAction":[{"@type":"SearchAction","target":{"@type":"EntryPoint","urlTemplate":"https:\/\/luxuryhomerome.com\/fr\/?s={search_term_string}"},"query-input":{"@type":"PropertyValueSpecification","valueRequired":true,"valueName":"search_term_string"}}],"inLanguage":"fr-FR"},{"@type":"Organization","@id":"https:\/\/luxuryhomerome.com\/fr\/#organization","name":"T&T Luxury Home Rome","url":"https:\/\/luxuryhomerome.com\/fr\/","logo":{"@type":"ImageObject","inLanguage":"fr-FR","@id":"https:\/\/luxuryhomerome.com\/fr\/#\/schema\/logo\/image\/","url":"https:\/\/luxuryhomerome.com\/wp-content\/uploads\/2018\/12\/cropped-cropped-logo-TT-oro-blu-600-x-600.png","contentUrl":"https:\/\/luxuryhomerome.com\/wp-content\/uploads\/2018\/12\/cropped-cropped-logo-TT-oro-blu-600-x-600.png","width":512,"height":512,"caption":"T&T Luxury Home Rome"},"image":{"@id":"https:\/\/luxuryhomerome.com\/fr\/#\/schema\/logo\/image\/"},"sameAs":["https:\/\/www.facebook.com\/Luxuryhomerome-386585568762405\/","https:\/\/x.com\/luxury_rome","https:\/\/www.youtube.com\/channel\/UC7BuFhHu3TUxfigw9ZhvfBA\/videos"]}]}},"_links":{"self":[{"href":"https:\/\/luxuryhomerome.com\/fr\/wp-json\/wp\/v2\/pages\/3898","targetHints":{"allow":["GET"]}}],"collection":[{"href":"https:\/\/luxuryhomerome.com\/fr\/wp-json\/wp\/v2\/pages"}],"about":[{"href":"https:\/\/luxuryhomerome.com\/fr\/wp-json\/wp\/v2\/types\/page"}],"author":[{"embeddable":true,"href":"https:\/\/luxuryhomerome.com\/fr\/wp-json\/wp\/v2\/users\/3"}],"replies":[{"embeddable":true,"href":"https:\/\/luxuryhomerome.com\/fr\/wp-json\/wp\/v2\/comments?post=3898"}],"version-history":[{"count":0,"href":"https:\/\/luxuryhomerome.com\/fr\/wp-json\/wp\/v2\/pages\/3898\/revisions"}],"wp:featuredmedia":[{"embeddable":true,"href":"https:\/\/luxuryhomerome.com\/fr\/wp-json\/wp\/v2\/media\/3357"}],"wp:attachment":[{"href":"https:\/\/luxuryhomerome.com\/fr\/wp-json\/wp\/v2\/media?parent=3898"}],"curies":[{"name":"wp","href":"https:\/\/api.w.org\/{rel}","templated":true}]}}