{"id":1932,"date":"2019-01-28T10:53:59","date_gmt":"2019-01-28T09:53:59","guid":{"rendered":"https:\/\/luxuryhomerome.com\/index.php\/contactos\/"},"modified":"2019-05-27T07:58:50","modified_gmt":"2019-05-27T07:58:50","slug":"contactos","status":"publish","type":"page","link":"https:\/\/luxuryhomerome.com\/pt-pt\/contactos\/","title":{"rendered":"Contactos"},"content":{"rendered":"<p>[vc_row][vc_column width=&#8221;1\/2&#8243;]<div class=\"sohohotel-title3 sohohotel-title-color\"><h4>Entre em contato<\/h4><\/div>[vc_column_text css_animation=&#8221;none&#8221;]<em><strong><span class=\"tlid-translation translation\"><span class=\"\" title=\"\">T&amp;<\/span><\/span><\/strong><\/em><span class=\"\" title=\"\"><em><strong>T Luxury Home Rome<\/strong><\/em><\/span><\/p>\n<p><strong>Casas e apartamentos para f\u00e9rias e \/ ou aluguer de curta dura\u00e7\u00e3o em Roma<\/strong>, alojamento de qualidade com todo o <strong>conforto<\/strong> a <strong>pre\u00e7os econ\u00f4micos<\/strong> por per\u00edodos: diariamente, fim de semana, semanalmente e mensalmente.<\/p>\n<div class=\"tlid-results-container results-container\">\n<div class=\"tlid-result result-dict-wrapper\">\n<div class=\"result tlid-copy-target\">\n<div class=\"text-wrap tlid-copy-target\">\n<div class=\"result-shield-container tlid-copy-target\"><span class=\"tlid-translation translation\"><span class=\"\" title=\"\">Pe\u00e7a informa\u00e7\u00f5es, <strong>calcule o pre\u00e7o ou reserve diretamente on-line!<\/strong><\/span><\/span><\/div>\n<\/div>\n<\/div>\n<\/div>\n<\/div>\n<p>[\/vc_column_text]\n<div class=\"wpcf7 no-js\" id=\"wpcf7-f1937-o1\" lang=\"\" dir=\"ltr\" data-wpcf7-id=\"1937\">\n<div class=\"screen-reader-response\"><p role=\"status\" aria-live=\"polite\" aria-atomic=\"true\"><\/p> <ul><\/ul><\/div>\n<form action=\"\/pt-pt\/wp-json\/wp\/v2\/pages\/1932#wpcf7-f1937-o1\" method=\"post\" class=\"wpcf7-form init\" aria-label=\"Formul\u00e1rio de contacto\" novalidate=\"novalidate\" data-status=\"init\">\n<fieldset class=\"hidden-fields-container\"><input type=\"hidden\" name=\"_wpcf7\" value=\"1937\" \/><input type=\"hidden\" name=\"_wpcf7_version\" value=\"6.1.3\" \/><input type=\"hidden\" name=\"_wpcf7_locale\" value=\"\" \/><input type=\"hidden\" name=\"_wpcf7_unit_tag\" value=\"wpcf7-f1937-o1\" \/><input type=\"hidden\" name=\"_wpcf7_container_post\" value=\"0\" \/><input type=\"hidden\" name=\"_wpcf7_posted_data_hash\" value=\"\" \/>\n<\/fieldset>\n<p><label> Seu nome (necess\u00e1rio)<br \/>\n<span class=\"wpcf7-form-control-wrap\" data-name=\"your-name\"><input size=\"40\" maxlength=\"400\" class=\"wpcf7-form-control wpcf7-text wpcf7-validates-as-required\" aria-required=\"true\" aria-invalid=\"false\" value=\"\" type=\"text\" name=\"your-name\" \/><\/span> <\/label>\n<\/p>\n<p><label> Seu e-mail (necess\u00e1rio)<br \/>\n<span class=\"wpcf7-form-control-wrap\" data-name=\"your-email\"><input size=\"40\" maxlength=\"400\" class=\"wpcf7-form-control wpcf7-email wpcf7-validates-as-required wpcf7-text wpcf7-validates-as-email\" aria-required=\"true\" aria-invalid=\"false\" value=\"\" type=\"email\" name=\"your-email\" \/><\/span> <\/label>\n<\/p>\n<p><label> Assunto<br \/>\n<span class=\"wpcf7-form-control-wrap\" data-name=\"your-subject\"><input size=\"40\" maxlength=\"400\" class=\"wpcf7-form-control wpcf7-text\" aria-invalid=\"false\" value=\"\" type=\"text\" name=\"your-subject\" \/><\/span> <\/label>\n<\/p>\n<p><label> Mensagem<br \/>\n<span class=\"wpcf7-form-control-wrap\" data-name=\"your-message\"><textarea cols=\"40\" rows=\"10\" maxlength=\"2000\" class=\"wpcf7-form-control wpcf7-textarea\" aria-invalid=\"false\" name=\"your-message\"><\/textarea><\/span> <\/label>\n<\/p>\n<p><input class=\"wpcf7-form-control wpcf7-submit has-spinner\" type=\"submit\" value=\"Submeter\" \/>\n<\/p><p style=\"display: none !important;\" class=\"akismet-fields-container\" data-prefix=\"_wpcf7_ak_\"><label>&#916;<textarea name=\"_wpcf7_ak_hp_textarea\" cols=\"45\" rows=\"8\" maxlength=\"100\"><\/textarea><\/label><input type=\"hidden\" id=\"ak_js_1\" name=\"_wpcf7_ak_js\" value=\"183\"\/><script>document.getElementById( \"ak_js_1\" ).setAttribute( \"value\", ( new Date() ).getTime() );<\/script><\/p><div class=\"wpcf7-response-output\" aria-hidden=\"true\"><\/div>\n<\/form>\n<\/div>\n[\/vc_column][vc_column width=&#8221;1\/2&#8243;]<div class=\"sohohotel-title3 sohohotel-title-color\"><h4>Detalhes de contato<\/h4><\/div><ul class=\"sohohotel-contact-details-list\"><li class=\"sohohotel-address clearfix\">Viale Furio Camillo 50, 00181 Roma (RM) It\u00e1lia<\/li><li class=\"sohohotel-phone clearfix\">+39 3755699323<\/li><li class=\"sohohotel-email clearfix\"><a href=\"mailto:info@luxuryhomerome.com\">info@luxuryhomerome.com<\/a><\/li><\/ul><div class=\"sohohotel-title3 sohohotel-title-color\"><h4><\/h4><\/div><ul class=\"sohohotel-social-links sohohotel-clearfix\"><li><a href=\"https:\/\/www.facebook.com\/Luxuryhomerome-386585568762405\/\" target=\"_blank\"><i class=\"fa fa-facebook\"><\/i><\/a><\/li><li><a href=\"https:\/\/www.flickr.com\/photos\/169222139@N03\/\" target=\"_blank\"><i class=\"fa fa-flickr\"><\/i><\/a><\/li><li><a href=\"https:\/\/twitter.com\/luxury_rome\" target=\"_blank\"><i class=\"fa fa-twitter\"><\/i><\/a><\/li><li><a href=\"https:\/\/www.youtube.com\/channel\/UC7BuFhHu3TUxfigw9ZhvfBA\/videos\" target=\"_blank\"><i class=\"fa fa-youtube-play\"><\/i><\/a><\/li><\/ul>[vc_empty_space height=&#8221;40px&#8221;]\t\n\t\t\n\t\t\n\t<!-- BEGIN #google-map -->\n\t<div id=\"google-map-1\" style=\"width: 100%;height: 385px;\"><\/div>\n\n\t<script type=\"text\/javascript\">\n\n\t\tfunction initialize() {\n\n\t\t\t\/\/ Set Location\n\t\t\tvar myLatlng = new google.maps.LatLng(41.8755121,12.524458);\n\n\t\t\t\/\/ Set Style\n\t\t\tvar styles = [\n\t\t\t    {\n\t\t\t      stylers: [\n\t\t\t        { hue: \"#b99470\" },\n\t\t\t        { saturation: -50 }\n\t\t\t      ]\n\t\t\t    },{\n\t\t\t      featureType: \"road\",\n\t\t\t      elementType: \"geometry\",\n\t\t\t      stylers: [\n\t\t\t        { lightness: 100 },\n\t\t\t        { visibility: \"simplified\" }\n\t\t\t      ]\n\t\t\t    },{\n\t\t\t      featureType: \"road\",\n\t\t\t      elementType: \"labels\",\n\t\t\t      stylers: [\n\t\t\t        { visibility: \"off\" }\n\t\t\t      ]\n\t\t\t    }\n\t\t\t  ];\n\n\t\t\t\/\/ Set Map Options\n\t\t\tvar mapOptions = {\n\t\t\t\tmapTypeControlOptions: {\n\t\t\t\t\tmapTypeIds: ['Styled']\n\t\t\t\t},\n\t\t\t\tcenter: myLatlng,\n\t\t\t\tzoom: 15,\n\t\t\t\tmapTypeId: 'Styled',\n\t\t\t\tscrollwheel: false,\n\t\t\t\tscaleControl: false,\n\t\t\t\tdisableDefaultUI: false\n\t\t\t};\n\n\t\t\t\/\/ Build Map\n\t\t\tvar map = new google.maps.Map(document.getElementById('google-map-1'), mapOptions);\n\t\t\tvar styledMapType = new google.maps.StyledMapType(styles, { name: 'Styled' });\n\t\t\tmap.mapTypes.set('Styled', styledMapType);\n\n\t\t\t\/\/ Set Map Marker\n\t\t\tvar contentString = 'T&amp;T Luxury Home Rome';\n\t\t\tvar infowindow = new google.maps.InfoWindow({\n\t\t\t\tcontent: contentString\n\t\t\t});\n\t\t\tvar marker = new google.maps.Marker({\n\t\t\t\tposition: myLatlng,\n\t\t\t\tmap: map,\n\t\t\t\ttitle: 'Map Marker 1',\n\t\t\t\ticon: {\n\t\t\t\t        path: fontawesome.markers.MAP_MARKER,\n\t\t\t\t        scale: 0.8,\n\t\t\t\t        strokeWeight: 0,\n\t\t\t\t        strokeColor: 'black',\n\t\t\t\t        strokeOpacity: 1,\n\t\t\t\t        fillColor: '#b99470',\n\t\t\t\t        fillOpacity: 1,\n\t\t\t\t    },\n\t\t\t});\n\n\t\t\t\/\/ Display Map Marker\n\t\t\tgoogle.maps.event.addListener(marker, 'click', function() {\n\t\t\t\tinfowindow.open(map,marker);\n\t\t\t});\n\n\t\t}\n\n\t\t\/\/ Display Map\n\t\tgoogle.maps.event.addDomListener(window, 'load', initialize);\n\n\t<\/script>\n\t\n\t\n\t[vc_empty_space height=&#8221;40px&#8221;][vc_column_text css_animation=&#8221;none&#8221;]<a href=\"https:\/\/www.google.com\/maps\/dir\/\/T%26T+Luxury+Home+Rome\/@41.8754718,12.4543432,12z\/data=!4m8!4m7!1m0!1m5!1m1!1s0x132f61faa0d46c6f:0x6d22456d7a04c73f!2m2!1d12.5243831!2d41.8754931\" target=\"_blank\" rel=\"noopener noreferrer\"><strong><img loading=\"lazy\" decoding=\"async\" class=\"alignnone wp-image-2035 alignleft\" src=\"https:\/\/luxuryhomerome.com\/wp-content\/uploads\/2019\/02\/maps-icon.png\" alt=\"\" width=\"32\" height=\"32\" srcset=\"https:\/\/luxuryhomerome.com\/wp-content\/uploads\/2019\/02\/maps-icon.png 256w, https:\/\/luxuryhomerome.com\/wp-content\/uploads\/2019\/02\/maps-icon-150x150.png 150w, https:\/\/luxuryhomerome.com\/wp-content\/uploads\/2019\/02\/maps-icon-100x100.png 100w, https:\/\/luxuryhomerome.com\/wp-content\/uploads\/2019\/02\/maps-icon-82x82.png 82w\" sizes=\"auto, (max-width: 32px) 100vw, 32px\" \/>Ver no\u00a0 Google Maps\u00a0<\/strong><\/a>(dire\u00e7\u00f5es)[\/vc_column_text][vc_column_text css_animation=&#8221;none&#8221;]<a href=\"https:\/\/luxuryhomerome.com\/wp-content\/uploads\/2019\/02\/TT-Luxury-Home-Rome-PT.pdf\"><img loading=\"lazy\" decoding=\"async\" class=\"alignleft wp-image-848\" src=\"https:\/\/luxuryhomerome.com\/wp-content\/uploads\/2018\/12\/logo-TT-oro-blu-64x-64.png\" alt=\"\" width=\"32\" height=\"32\" \/><\/a><\/p>\n<p style=\"text-align: left;\"><a href=\"https:\/\/luxuryhomerome.com\/wp-content\/uploads\/2019\/04\/TT-Luxury-Home-Rome-PT.pdf\" target=\"_blank\" rel=\"noopener noreferrer\">Baixar folheto<\/a><\/p>\n<p>[\/vc_column_text][\/vc_column][\/vc_row]<\/p>\n","protected":false},"excerpt":{"rendered":"<p>[vc_row][vc_column width=&#8221;1\/2&#8243;][vc_column_text css_animation=&#8221;none&#8221;]T&amp;T Luxury Home Rome Casas e apartamentos para f\u00e9rias e \/ ou aluguer de curta dura\u00e7\u00e3o em Roma, alojamento de qualidade com todo o conforto a pre\u00e7os econ\u00f4micos por per\u00edodos: diariamente, fim de semana, semanalmente e mensalmente. Pe\u00e7a informa\u00e7\u00f5es, calcule o pre\u00e7o ou reserve diretamente on-line! [\/vc_column_text][\/vc_column][vc_column width=&#8221;1\/2&#8243;][vc_empty_space height=&#8221;40px&#8221;][vc_empty_space height=&#8221;40px&#8221;][vc_column_text css_animation=&#8221;none&#8221;]Ver no\u00a0 Google<\/p>\n<a href=\"https:\/\/luxuryhomerome.com\/pt-pt\/contactos\/\" class=\"sohohotel-more-link\">consulte Mais informa\u00e7\u00e3o<i class=\"fa fa-angle-right\"><\/i><\/a>","protected":false},"author":1,"featured_media":3359,"parent":0,"menu_order":0,"comment_status":"closed","ping_status":"closed","template":"","meta":{"om_disable_all_campaigns":false,"_monsterinsights_skip_tracking":false,"_monsterinsights_sitenote_active":false,"_monsterinsights_sitenote_note":"","_monsterinsights_sitenote_category":0,"_uf_show_specific_survey":0,"_uf_disable_surveys":false,"footnotes":""},"class_list":["post-1932","page","type-page","status-publish","has-post-thumbnail","hentry"],"aioseo_notices":[],"yoast_head":"<!-- This site is optimized with the Yoast SEO plugin v26.4 - https:\/\/yoast.com\/wordpress\/plugins\/seo\/ -->\n<title>Contactos - Luxury Home Rome<\/title>\n<meta name=\"robots\" content=\"index, follow, max-snippet:-1, max-image-preview:large, max-video-preview:-1\" \/>\n<link rel=\"canonical\" href=\"https:\/\/luxuryhomerome.com\/pt-pt\/contactos\/\" \/>\n<meta property=\"og:locale\" content=\"pt_PT\" \/>\n<meta property=\"og:type\" content=\"article\" \/>\n<meta property=\"og:title\" content=\"Contactos - Luxury Home Rome\" \/>\n<meta property=\"og:description\" content=\"[vc_row][vc_column width=&#8221;1\/2&#8243;][vc_column_text css_animation=&#8221;none&#8221;]T&amp;T Luxury Home Rome Casas e apartamentos para f\u00e9rias e \/ ou aluguer de curta dura\u00e7\u00e3o em Roma, alojamento de qualidade com todo o conforto a pre\u00e7os econ\u00f4micos por per\u00edodos: diariamente, fim de semana, semanalmente e mensalmente. Pe\u00e7a informa\u00e7\u00f5es, calcule o pre\u00e7o ou reserve diretamente on-line! [\/vc_column_text][\/vc_column][vc_column width=&#8221;1\/2&#8243;][vc_empty_space height=&#8221;40px&#8221;][vc_empty_space height=&#8221;40px&#8221;][vc_column_text css_animation=&#8221;none&#8221;]Ver no\u00a0 Google\" \/>\n<meta property=\"og:url\" content=\"https:\/\/luxuryhomerome.com\/pt-pt\/contactos\/\" \/>\n<meta property=\"og:site_name\" content=\"Luxury Home Rome\" \/>\n<meta property=\"article:publisher\" content=\"https:\/\/www.facebook.com\/Luxuryhomerome-386585568762405\/\" \/>\n<meta property=\"article:modified_time\" content=\"2019-05-27T07:58:50+00:00\" \/>\n<meta property=\"og:image\" content=\"https:\/\/luxuryhomerome.com\/wp-content\/uploads\/2019\/05\/24.jpg\" \/>\n\t<meta property=\"og:image:width\" content=\"1920\" \/>\n\t<meta property=\"og:image:height\" content=\"1000\" \/>\n\t<meta property=\"og:image:type\" content=\"image\/jpeg\" \/>\n<meta name=\"twitter:card\" content=\"summary_large_image\" \/>\n<meta name=\"twitter:site\" content=\"@luxury_rome\" \/>\n<meta name=\"twitter:label1\" content=\"Tempo estimado de leitura\" \/>\n\t<meta name=\"twitter:data1\" content=\"1 minuto\" \/>\n<script type=\"application\/ld+json\" class=\"yoast-schema-graph\">{\"@context\":\"https:\/\/schema.org\",\"@graph\":[{\"@type\":\"WebPage\",\"@id\":\"https:\/\/luxuryhomerome.com\/pt-pt\/contactos\/\",\"url\":\"https:\/\/luxuryhomerome.com\/pt-pt\/contactos\/\",\"name\":\"Contactos - Luxury Home Rome\",\"isPartOf\":{\"@id\":\"https:\/\/luxuryhomerome.com\/pt-pt\/#website\"},\"primaryImageOfPage\":{\"@id\":\"https:\/\/luxuryhomerome.com\/pt-pt\/contactos\/#primaryimage\"},\"image\":{\"@id\":\"https:\/\/luxuryhomerome.com\/pt-pt\/contactos\/#primaryimage\"},\"thumbnailUrl\":\"https:\/\/luxuryhomerome.com\/wp-content\/uploads\/2019\/05\/24.jpg\",\"datePublished\":\"2019-01-28T09:53:59+00:00\",\"dateModified\":\"2019-05-27T07:58:50+00:00\",\"breadcrumb\":{\"@id\":\"https:\/\/luxuryhomerome.com\/pt-pt\/contactos\/#breadcrumb\"},\"inLanguage\":\"pt-PT\",\"potentialAction\":[{\"@type\":\"ReadAction\",\"target\":[\"https:\/\/luxuryhomerome.com\/pt-pt\/contactos\/\"]}]},{\"@type\":\"ImageObject\",\"inLanguage\":\"pt-PT\",\"@id\":\"https:\/\/luxuryhomerome.com\/pt-pt\/contactos\/#primaryimage\",\"url\":\"https:\/\/luxuryhomerome.com\/wp-content\/uploads\/2019\/05\/24.jpg\",\"contentUrl\":\"https:\/\/luxuryhomerome.com\/wp-content\/uploads\/2019\/05\/24.jpg\",\"width\":1920,\"height\":1000},{\"@type\":\"BreadcrumbList\",\"@id\":\"https:\/\/luxuryhomerome.com\/pt-pt\/contactos\/#breadcrumb\",\"itemListElement\":[{\"@type\":\"ListItem\",\"position\":1,\"name\":\"Home\",\"item\":\"https:\/\/luxuryhomerome.com\/pt-pt\/\"},{\"@type\":\"ListItem\",\"position\":2,\"name\":\"Contactos\"}]},{\"@type\":\"WebSite\",\"@id\":\"https:\/\/luxuryhomerome.com\/pt-pt\/#website\",\"url\":\"https:\/\/luxuryhomerome.com\/pt-pt\/\",\"name\":\"Luxury Home Rome\",\"description\":\"Casas de f\u00e9rias e apartamentos para alugar a curto prazo em Roma\",\"publisher\":{\"@id\":\"https:\/\/luxuryhomerome.com\/pt-pt\/#organization\"},\"potentialAction\":[{\"@type\":\"SearchAction\",\"target\":{\"@type\":\"EntryPoint\",\"urlTemplate\":\"https:\/\/luxuryhomerome.com\/pt-pt\/?s={search_term_string}\"},\"query-input\":{\"@type\":\"PropertyValueSpecification\",\"valueRequired\":true,\"valueName\":\"search_term_string\"}}],\"inLanguage\":\"pt-PT\"},{\"@type\":\"Organization\",\"@id\":\"https:\/\/luxuryhomerome.com\/pt-pt\/#organization\",\"name\":\"T&T Luxury Home Rome\",\"url\":\"https:\/\/luxuryhomerome.com\/pt-pt\/\",\"logo\":{\"@type\":\"ImageObject\",\"inLanguage\":\"pt-PT\",\"@id\":\"https:\/\/luxuryhomerome.com\/pt-pt\/#\/schema\/logo\/image\/\",\"url\":\"https:\/\/luxuryhomerome.com\/wp-content\/uploads\/2018\/12\/cropped-cropped-logo-TT-oro-blu-600-x-600.png\",\"contentUrl\":\"https:\/\/luxuryhomerome.com\/wp-content\/uploads\/2018\/12\/cropped-cropped-logo-TT-oro-blu-600-x-600.png\",\"width\":512,\"height\":512,\"caption\":\"T&T Luxury Home Rome\"},\"image\":{\"@id\":\"https:\/\/luxuryhomerome.com\/pt-pt\/#\/schema\/logo\/image\/\"},\"sameAs\":[\"https:\/\/www.facebook.com\/Luxuryhomerome-386585568762405\/\",\"https:\/\/x.com\/luxury_rome\",\"https:\/\/www.youtube.com\/channel\/UC7BuFhHu3TUxfigw9ZhvfBA\/videos\"]}]}<\/script>\n<!-- \/ Yoast SEO plugin. -->","yoast_head_json":{"title":"Contactos - Luxury Home Rome","robots":{"index":"index","follow":"follow","max-snippet":"max-snippet:-1","max-image-preview":"max-image-preview:large","max-video-preview":"max-video-preview:-1"},"canonical":"https:\/\/luxuryhomerome.com\/pt-pt\/contactos\/","og_locale":"pt_PT","og_type":"article","og_title":"Contactos - Luxury Home Rome","og_description":"[vc_row][vc_column width=&#8221;1\/2&#8243;][vc_column_text css_animation=&#8221;none&#8221;]T&amp;T Luxury Home Rome Casas e apartamentos para f\u00e9rias e \/ ou aluguer de curta dura\u00e7\u00e3o em Roma, alojamento de qualidade com todo o conforto a pre\u00e7os econ\u00f4micos por per\u00edodos: diariamente, fim de semana, semanalmente e mensalmente. Pe\u00e7a informa\u00e7\u00f5es, calcule o pre\u00e7o ou reserve diretamente on-line! [\/vc_column_text][\/vc_column][vc_column width=&#8221;1\/2&#8243;][vc_empty_space height=&#8221;40px&#8221;][vc_empty_space height=&#8221;40px&#8221;][vc_column_text css_animation=&#8221;none&#8221;]Ver no\u00a0 Google","og_url":"https:\/\/luxuryhomerome.com\/pt-pt\/contactos\/","og_site_name":"Luxury Home Rome","article_publisher":"https:\/\/www.facebook.com\/Luxuryhomerome-386585568762405\/","article_modified_time":"2019-05-27T07:58:50+00:00","og_image":[{"width":1920,"height":1000,"url":"https:\/\/luxuryhomerome.com\/wp-content\/uploads\/2019\/05\/24.jpg","type":"image\/jpeg"}],"twitter_card":"summary_large_image","twitter_site":"@luxury_rome","twitter_misc":{"Tempo estimado de leitura":"1 minuto"},"schema":{"@context":"https:\/\/schema.org","@graph":[{"@type":"WebPage","@id":"https:\/\/luxuryhomerome.com\/pt-pt\/contactos\/","url":"https:\/\/luxuryhomerome.com\/pt-pt\/contactos\/","name":"Contactos - Luxury Home Rome","isPartOf":{"@id":"https:\/\/luxuryhomerome.com\/pt-pt\/#website"},"primaryImageOfPage":{"@id":"https:\/\/luxuryhomerome.com\/pt-pt\/contactos\/#primaryimage"},"image":{"@id":"https:\/\/luxuryhomerome.com\/pt-pt\/contactos\/#primaryimage"},"thumbnailUrl":"https:\/\/luxuryhomerome.com\/wp-content\/uploads\/2019\/05\/24.jpg","datePublished":"2019-01-28T09:53:59+00:00","dateModified":"2019-05-27T07:58:50+00:00","breadcrumb":{"@id":"https:\/\/luxuryhomerome.com\/pt-pt\/contactos\/#breadcrumb"},"inLanguage":"pt-PT","potentialAction":[{"@type":"ReadAction","target":["https:\/\/luxuryhomerome.com\/pt-pt\/contactos\/"]}]},{"@type":"ImageObject","inLanguage":"pt-PT","@id":"https:\/\/luxuryhomerome.com\/pt-pt\/contactos\/#primaryimage","url":"https:\/\/luxuryhomerome.com\/wp-content\/uploads\/2019\/05\/24.jpg","contentUrl":"https:\/\/luxuryhomerome.com\/wp-content\/uploads\/2019\/05\/24.jpg","width":1920,"height":1000},{"@type":"BreadcrumbList","@id":"https:\/\/luxuryhomerome.com\/pt-pt\/contactos\/#breadcrumb","itemListElement":[{"@type":"ListItem","position":1,"name":"Home","item":"https:\/\/luxuryhomerome.com\/pt-pt\/"},{"@type":"ListItem","position":2,"name":"Contactos"}]},{"@type":"WebSite","@id":"https:\/\/luxuryhomerome.com\/pt-pt\/#website","url":"https:\/\/luxuryhomerome.com\/pt-pt\/","name":"Luxury Home Rome","description":"Casas de f\u00e9rias e apartamentos para alugar a curto prazo em Roma","publisher":{"@id":"https:\/\/luxuryhomerome.com\/pt-pt\/#organization"},"potentialAction":[{"@type":"SearchAction","target":{"@type":"EntryPoint","urlTemplate":"https:\/\/luxuryhomerome.com\/pt-pt\/?s={search_term_string}"},"query-input":{"@type":"PropertyValueSpecification","valueRequired":true,"valueName":"search_term_string"}}],"inLanguage":"pt-PT"},{"@type":"Organization","@id":"https:\/\/luxuryhomerome.com\/pt-pt\/#organization","name":"T&T Luxury Home Rome","url":"https:\/\/luxuryhomerome.com\/pt-pt\/","logo":{"@type":"ImageObject","inLanguage":"pt-PT","@id":"https:\/\/luxuryhomerome.com\/pt-pt\/#\/schema\/logo\/image\/","url":"https:\/\/luxuryhomerome.com\/wp-content\/uploads\/2018\/12\/cropped-cropped-logo-TT-oro-blu-600-x-600.png","contentUrl":"https:\/\/luxuryhomerome.com\/wp-content\/uploads\/2018\/12\/cropped-cropped-logo-TT-oro-blu-600-x-600.png","width":512,"height":512,"caption":"T&T Luxury Home Rome"},"image":{"@id":"https:\/\/luxuryhomerome.com\/pt-pt\/#\/schema\/logo\/image\/"},"sameAs":["https:\/\/www.facebook.com\/Luxuryhomerome-386585568762405\/","https:\/\/x.com\/luxury_rome","https:\/\/www.youtube.com\/channel\/UC7BuFhHu3TUxfigw9ZhvfBA\/videos"]}]}},"_links":{"self":[{"href":"https:\/\/luxuryhomerome.com\/pt-pt\/wp-json\/wp\/v2\/pages\/1932","targetHints":{"allow":["GET"]}}],"collection":[{"href":"https:\/\/luxuryhomerome.com\/pt-pt\/wp-json\/wp\/v2\/pages"}],"about":[{"href":"https:\/\/luxuryhomerome.com\/pt-pt\/wp-json\/wp\/v2\/types\/page"}],"author":[{"embeddable":true,"href":"https:\/\/luxuryhomerome.com\/pt-pt\/wp-json\/wp\/v2\/users\/1"}],"replies":[{"embeddable":true,"href":"https:\/\/luxuryhomerome.com\/pt-pt\/wp-json\/wp\/v2\/comments?post=1932"}],"version-history":[{"count":0,"href":"https:\/\/luxuryhomerome.com\/pt-pt\/wp-json\/wp\/v2\/pages\/1932\/revisions"}],"wp:featuredmedia":[{"embeddable":true,"href":"https:\/\/luxuryhomerome.com\/pt-pt\/wp-json\/wp\/v2\/media\/3359"}],"wp:attachment":[{"href":"https:\/\/luxuryhomerome.com\/pt-pt\/wp-json\/wp\/v2\/media?parent=1932"}],"curies":[{"name":"wp","href":"https:\/\/api.w.org\/{rel}","templated":true}]}}