{"id":1941,"date":"2019-01-28T11:22:18","date_gmt":"2019-01-28T10:22:18","guid":{"rendered":"https:\/\/luxuryhomerome.com\/index.php\/condicoes-gerais\/"},"modified":"2019-04-21T04:33:42","modified_gmt":"2019-04-21T04:33:42","slug":"condicoes-gerais","status":"publish","type":"page","link":"https:\/\/luxuryhomerome.com\/pt-pt\/condicoes-gerais\/","title":{"rendered":"Condi\u00e7\u00f5es Gerais"},"content":{"rendered":"<p>[vc_row][vc_column][vc_column_text]<\/p>\n<p style=\"text-align: center;\"><strong>Termos e condi\u00e7\u00f5es gerais<\/strong><\/p>\n<p><strong>arrendamento<\/strong><br \/>\nA localiza\u00e7\u00e3o na Viale Furio Camillo 50 int. 4 (1\u00ba andar), 00181 Roma (RM), \u00e9 celebrado entre T &amp; T Luxury Home Roma Massimo Tredicine e Daniele Tredicine e o cliente deve fornecer as seguintes informa\u00e7\u00f5es gerais: Nome completo e local de resid\u00eancia.<\/p>\n<p><strong>reserva<\/strong><br \/>\nOs pedidos de reserva podem ser feitas on-line no portal web em LuxuryHomeRome.com<br \/>\nPara a reserva \u00e9 devido no pagamento antecipado de &#8221; valor interno.<br \/>\nT &amp; T Luxury Home Roma reserva-se o direito de recusar uma reserva a seu crit\u00e9rio.<\/p>\n<p><strong>Confirma\u00e7\u00e3o da reserva<\/strong><br \/>\nT &amp; T Luxury Home Roma enviar via e-mail de confirma\u00e7\u00e3o da reserva do apartamento. O cliente deve preencher todos os campos obrigat\u00f3rios na forma de uma reserva de reserva dispon\u00edveis na Web portal LuxuryHomeRome.com<\/p>\n<p><strong>cancelamentos<\/strong><br \/>\nEm caso de cancelamento da reserva se aplicam as seguintes disposi\u00e7\u00f5es:<br \/>\nAt\u00e9 7 dias antes da chegada, que tinha apenas 30% do montante;<br \/>\nMenos de 7 dias antes da chegada, a quantidade total \u00e9 devido.<\/p>\n<p><strong>Pre\u00e7os<\/strong><br \/>\nAs taxas s\u00e3o o custo total dos apartamentos. Todos os pre\u00e7os est\u00e3o IVA inclu\u00eddo.<\/p>\n<p><strong>Per\u00edodo m\u00ednimo de aluguer<\/strong><br \/>\nO per\u00edodo de aluguer m\u00ednimo \u00e9 fixado em dois (2) noites, em casos especiais, a propriedade reserva-se o direito de aceitar reservas de dura\u00e7\u00e3o diferente.<\/p>\n<p><strong>Hora de Chegada e Partida<\/strong><br \/>\nn\u00e3o T &amp; T Luxury Home Roma n\u00e3o oferecem uma recep\u00e7\u00e3o 24 horas. Antes que voc\u00ea possa organizar o check-in, o cliente deve informar T &amp; T HOME luxuosa na hora de chegada Roma programado.<br \/>\nO check-in tem lugar a partir das 14:00 no dia da chegada.<br \/>\nO check-out \u00e9 at\u00e9 \u00e0s 10:00 horas do dia da partida.<br \/>\nT &amp; T Luxury Home Roma vai permitir a entrada e sa\u00edda durante o tempo especificado; o cliente deve realizar o procedimento para abertura e fechamento do apartamento seguindo as instru\u00e7\u00f5es contidas em um e-mail que receber\u00e1 no momento da reserva.<\/p>\n<p><strong>Recep\u00e7\u00e3o e registo de Atendimento<\/strong><br \/>\nNa chegada em alojamento o cliente deve apresentar documento de identifica\u00e7\u00e3o para a propriedade ou o seu respons\u00e1vel pelo registro, conforme exigido por lei.<br \/>\nO cliente concorda em seguir as instru\u00e7\u00f5es recebidas durante o check-in.<\/p>\n<p><strong>dep\u00f3sito<\/strong><br \/>\nApesar de um dep\u00f3sito de seguran\u00e7a \u00e9 exigido no momento da chegada em T &amp; T Casa de Luxo Roma, qualquer dano ao apartamento, mobili\u00e1rio, equipamento ou do edif\u00edcio, causado pelo cliente durante a estadia ter\u00e1 que ser compensado.<\/p>\n<p><strong>Visitantes &#8211; Animais de estima\u00e7\u00e3o &#8211; Fumador<\/strong><br \/>\nO n\u00famero de pessoas permitidas no apartamento alugado n\u00e3o deve exceder o n\u00famero m\u00e1ximo indicado na descri\u00e7\u00e3o como aparece no site ou outro material de publicidade. E &#8216;n\u00e3o fumar no interior dos apartamentos.<br \/>\nN\u00e3o s\u00e3o permitidos animais no interior dos apartamentos. N\u00e3o \u00e9 permitida a subloca\u00e7\u00e3o do apartamento para alugar.<br \/>\nCaso o cliente n\u00e3o cumprir qualquer um dos pontos contidos nesta se\u00e7\u00e3o, T &amp; T Luxury Home Roma exigir\u00e1 o cliente a deixar o apartamento imediatamente.<br \/>\nN\u00e3o \u00e9 permitido para levar os h\u00f3spedes no apartamento n\u00e3o est\u00e1 registado um passaporte ou um documento de identidade v\u00e1lido ou sem a permiss\u00e3o do propriet\u00e1rio.<br \/>\nPara n\u00f3s adultos e crian\u00e7as s\u00e3o os nossos queridos convidados, por isso nenhuma distin\u00e7\u00e3o n\u00e3o \u00e9 esperado ser fornecido, as tarifas sobre alojamento.<\/p>\n<p><strong>seguro<\/strong><br \/>\nNem todos os apartamentos n\u00e3o est\u00e3o equipados com um cofre. T &amp; T Luxury Home Roma n\u00e3o \u00e9 respons\u00e1vel pela perda de dinheiro, documentos, objetos de valor deixados no apartamento.<\/p>\n<p><strong>Limpeza &#8211; Manuten\u00e7\u00e3o<\/strong><br \/>\nOs apartamentos s\u00e3o entregues limpos e em perfeita ordem. O padr\u00e3o de limpeza n\u00e3o inclui a limpeza da remo\u00e7\u00e3o cozinha e lixo que s\u00e3o fornecidos pelo cliente. Se necess\u00e1rio, as propriedades ou seu representante, reserva-se o direito de entrar no apartamento para alugar para a realiza\u00e7\u00e3o de opera\u00e7\u00f5es de manuten\u00e7\u00e3o e inspe\u00e7\u00e3o.<\/p>\n<p><strong>Limpeza Extra adicional &#8211; Estacionamento<\/strong><br \/>\nServi\u00e7o de limpeza adicional pode ser feito e pago separadamente, desde que o pedido seja feito com anteced\u00eancia, para permitir que a dire\u00e7\u00e3o de T &amp; T Luxury Home Roma para organizar a limpeza. O custo de estacionar o carro \u00e9 a, \u00ac 10,00 \u20ac por dia.<\/p>\n<p><strong>comportamento<\/strong><br \/>\nA pessoa que faz a reserva \u00e9 respons\u00e1vel pelo comportamento correto e digno de todos os convidados que ir\u00e3o utilizar o apartamento. Se um ou mais convidados ir\u00e3o se comportar de uma maneira n\u00e3o \u00e9 aceit\u00e1vel, T &amp; T Luxury Home Roma pediu para sair imediatamente do apartamento para alugar.<\/p>\n<p><strong>responsabilidade<\/strong><br \/>\nCada acomoda\u00e7\u00e3o foi visitada e propriedades marcada. As descri\u00e7\u00f5es contidas nas p\u00e1ginas da web s\u00e3o precisas e feitas de boa f\u00e9. Em caso de problemas, o cliente deve imediatamente contactar a propriedade ou o seu respons\u00e1vel. O cliente compromete-se a fornecer \u00e0s Propriedades de tempo necess\u00e1rio para resolver o problema.<\/p>\n<p><strong>Tribunal e compet\u00eancia legal<\/strong><br \/>\nPara qualquer disputa sobre a reserva e o arrendamento, o local da jurisdi\u00e7\u00e3o \u00e9 Roma. A lei aplic\u00e1vel \u00e9 a lei italiana.<\/p>\n<p><strong>Aviso de privacidade<\/strong><\/p>\n<p>Com refer\u00eancia ao art. 13 lei 196\/03 lembramos que os dados recolhidos t\u00eam o \u00fanico prop\u00f3sito de poder satisfazer o servi\u00e7o solicitado.<br \/>\nTais informa\u00e7\u00f5es podem ser comunicadas apenas ao pessoal respons\u00e1vel por tal atividade e divulgadas exclusivamente no \u00e2mbito do servi\u00e7o prestado. As informa\u00e7\u00f5es tamb\u00e9m podem ser processadas eletronicamente de acordo com as leis aplic\u00e1veis.<\/p>\n<p><strong>Notas gerais<\/strong><\/p>\n<p>O conhecimento das Condi\u00e7\u00f5es Gerais implica sua aceita\u00e7\u00e3o sem reservas ou exce\u00e7\u00f5es.<\/p>\n<p><strong>Contribui\u00e7\u00e3o de resid\u00eancia<\/strong><\/p>\n<p>A contribui\u00e7\u00e3o de estadia nas &#8220;Casas e Apartamentos&#8221; na cidade de Roma \u00e9 de 3,5 \u20ac por dia por pessoa, voc\u00ea paga em dinheiro durante as opera\u00e7\u00f5es de check-in[\/vc_column_text][\/vc_column][\/vc_row]<\/p>\n","protected":false},"excerpt":{"rendered":"<p>[vc_row][vc_column][vc_column_text] Termos e condi\u00e7\u00f5es gerais arrendamento A localiza\u00e7\u00e3o na Viale Furio Camillo 50 int. 4 (1\u00ba andar), 00181 Roma (RM), \u00e9 celebrado entre T &amp; T Luxury Home Roma Massimo Tredicine e Daniele Tredicine e o cliente deve fornecer as seguintes informa\u00e7\u00f5es gerais: Nome completo e local de resid\u00eancia. reserva Os pedidos de reserva podem<\/p>\n<a href=\"https:\/\/luxuryhomerome.com\/pt-pt\/condicoes-gerais\/\" class=\"sohohotel-more-link\">consulte Mais informa\u00e7\u00e3o<i class=\"fa fa-angle-right\"><\/i><\/a>","protected":false},"author":1,"featured_media":1872,"parent":0,"menu_order":0,"comment_status":"closed","ping_status":"closed","template":"","meta":{"om_disable_all_campaigns":false,"_monsterinsights_skip_tracking":false,"_monsterinsights_sitenote_active":false,"_monsterinsights_sitenote_note":"","_monsterinsights_sitenote_category":0,"_uf_show_specific_survey":0,"_uf_disable_surveys":false,"footnotes":""},"class_list":["post-1941","page","type-page","status-publish","has-post-thumbnail","hentry"],"aioseo_notices":[],"yoast_head":"<!-- This site is optimized with the Yoast SEO plugin v26.4 - https:\/\/yoast.com\/wordpress\/plugins\/seo\/ -->\n<title>Condi\u00e7\u00f5es Gerais - Luxury Home Rome<\/title>\n<meta name=\"robots\" content=\"index, follow, max-snippet:-1, max-image-preview:large, max-video-preview:-1\" \/>\n<link rel=\"canonical\" href=\"https:\/\/luxuryhomerome.com\/pt-pt\/condicoes-gerais\/\" \/>\n<meta property=\"og:locale\" content=\"pt_PT\" \/>\n<meta property=\"og:type\" content=\"article\" \/>\n<meta property=\"og:title\" content=\"Condi\u00e7\u00f5es Gerais - Luxury Home Rome\" \/>\n<meta property=\"og:description\" content=\"[vc_row][vc_column][vc_column_text] Termos e condi\u00e7\u00f5es gerais arrendamento A localiza\u00e7\u00e3o na Viale Furio Camillo 50 int. 4 (1\u00ba andar), 00181 Roma (RM), \u00e9 celebrado entre T &amp; T Luxury Home Roma Massimo Tredicine e Daniele Tredicine e o cliente deve fornecer as seguintes informa\u00e7\u00f5es gerais: Nome completo e local de resid\u00eancia. reserva Os pedidos de reserva podem\" \/>\n<meta property=\"og:url\" content=\"https:\/\/luxuryhomerome.com\/pt-pt\/condicoes-gerais\/\" \/>\n<meta property=\"og:site_name\" content=\"Luxury Home Rome\" \/>\n<meta property=\"article:publisher\" content=\"https:\/\/www.facebook.com\/Luxuryhomerome-386585568762405\/\" \/>\n<meta property=\"article:modified_time\" content=\"2019-04-21T04:33:42+00:00\" \/>\n<meta property=\"og:image\" content=\"https:\/\/luxuryhomerome.com\/wp-content\/uploads\/2018\/11\/image23-2.jpg\" \/>\n\t<meta property=\"og:image:width\" content=\"1920\" \/>\n\t<meta property=\"og:image:height\" content=\"250\" \/>\n\t<meta property=\"og:image:type\" content=\"image\/jpeg\" \/>\n<meta name=\"twitter:card\" content=\"summary_large_image\" \/>\n<meta name=\"twitter:site\" content=\"@luxury_rome\" \/>\n<meta name=\"twitter:label1\" content=\"Tempo estimado de leitura\" \/>\n\t<meta name=\"twitter:data1\" content=\"5 minutos\" \/>\n<script type=\"application\/ld+json\" class=\"yoast-schema-graph\">{\"@context\":\"https:\/\/schema.org\",\"@graph\":[{\"@type\":\"WebPage\",\"@id\":\"https:\/\/luxuryhomerome.com\/pt-pt\/condicoes-gerais\/\",\"url\":\"https:\/\/luxuryhomerome.com\/pt-pt\/condicoes-gerais\/\",\"name\":\"Condi\u00e7\u00f5es Gerais - Luxury Home Rome\",\"isPartOf\":{\"@id\":\"https:\/\/luxuryhomerome.com\/pt-pt\/#website\"},\"primaryImageOfPage\":{\"@id\":\"https:\/\/luxuryhomerome.com\/pt-pt\/condicoes-gerais\/#primaryimage\"},\"image\":{\"@id\":\"https:\/\/luxuryhomerome.com\/pt-pt\/condicoes-gerais\/#primaryimage\"},\"thumbnailUrl\":\"https:\/\/luxuryhomerome.com\/wp-content\/uploads\/2018\/11\/image23-2.jpg\",\"datePublished\":\"2019-01-28T10:22:18+00:00\",\"dateModified\":\"2019-04-21T04:33:42+00:00\",\"breadcrumb\":{\"@id\":\"https:\/\/luxuryhomerome.com\/pt-pt\/condicoes-gerais\/#breadcrumb\"},\"inLanguage\":\"pt-PT\",\"potentialAction\":[{\"@type\":\"ReadAction\",\"target\":[\"https:\/\/luxuryhomerome.com\/pt-pt\/condicoes-gerais\/\"]}]},{\"@type\":\"ImageObject\",\"inLanguage\":\"pt-PT\",\"@id\":\"https:\/\/luxuryhomerome.com\/pt-pt\/condicoes-gerais\/#primaryimage\",\"url\":\"https:\/\/luxuryhomerome.com\/wp-content\/uploads\/2018\/11\/image23-2.jpg\",\"contentUrl\":\"https:\/\/luxuryhomerome.com\/wp-content\/uploads\/2018\/11\/image23-2.jpg\",\"width\":1920,\"height\":250,\"caption\":\"Case e appartamenti per vacanze e\/o in affitto a breve termine a Roma, alloggi di qualit\u00e0 con ogni comfort a prezzi economici per periodi: giornaliero,\"},{\"@type\":\"BreadcrumbList\",\"@id\":\"https:\/\/luxuryhomerome.com\/pt-pt\/condicoes-gerais\/#breadcrumb\",\"itemListElement\":[{\"@type\":\"ListItem\",\"position\":1,\"name\":\"Home\",\"item\":\"https:\/\/luxuryhomerome.com\/pt-pt\/\"},{\"@type\":\"ListItem\",\"position\":2,\"name\":\"Condi\u00e7\u00f5es Gerais\"}]},{\"@type\":\"WebSite\",\"@id\":\"https:\/\/luxuryhomerome.com\/pt-pt\/#website\",\"url\":\"https:\/\/luxuryhomerome.com\/pt-pt\/\",\"name\":\"Luxury Home Rome\",\"description\":\"Casas de f\u00e9rias e apartamentos para alugar a curto prazo em Roma\",\"publisher\":{\"@id\":\"https:\/\/luxuryhomerome.com\/pt-pt\/#organization\"},\"potentialAction\":[{\"@type\":\"SearchAction\",\"target\":{\"@type\":\"EntryPoint\",\"urlTemplate\":\"https:\/\/luxuryhomerome.com\/pt-pt\/?s={search_term_string}\"},\"query-input\":{\"@type\":\"PropertyValueSpecification\",\"valueRequired\":true,\"valueName\":\"search_term_string\"}}],\"inLanguage\":\"pt-PT\"},{\"@type\":\"Organization\",\"@id\":\"https:\/\/luxuryhomerome.com\/pt-pt\/#organization\",\"name\":\"T&T Luxury Home Rome\",\"url\":\"https:\/\/luxuryhomerome.com\/pt-pt\/\",\"logo\":{\"@type\":\"ImageObject\",\"inLanguage\":\"pt-PT\",\"@id\":\"https:\/\/luxuryhomerome.com\/pt-pt\/#\/schema\/logo\/image\/\",\"url\":\"https:\/\/luxuryhomerome.com\/wp-content\/uploads\/2018\/12\/cropped-cropped-logo-TT-oro-blu-600-x-600.png\",\"contentUrl\":\"https:\/\/luxuryhomerome.com\/wp-content\/uploads\/2018\/12\/cropped-cropped-logo-TT-oro-blu-600-x-600.png\",\"width\":512,\"height\":512,\"caption\":\"T&T Luxury Home Rome\"},\"image\":{\"@id\":\"https:\/\/luxuryhomerome.com\/pt-pt\/#\/schema\/logo\/image\/\"},\"sameAs\":[\"https:\/\/www.facebook.com\/Luxuryhomerome-386585568762405\/\",\"https:\/\/x.com\/luxury_rome\",\"https:\/\/www.youtube.com\/channel\/UC7BuFhHu3TUxfigw9ZhvfBA\/videos\"]}]}<\/script>\n<!-- \/ Yoast SEO plugin. -->","yoast_head_json":{"title":"Condi\u00e7\u00f5es Gerais - Luxury Home Rome","robots":{"index":"index","follow":"follow","max-snippet":"max-snippet:-1","max-image-preview":"max-image-preview:large","max-video-preview":"max-video-preview:-1"},"canonical":"https:\/\/luxuryhomerome.com\/pt-pt\/condicoes-gerais\/","og_locale":"pt_PT","og_type":"article","og_title":"Condi\u00e7\u00f5es Gerais - Luxury Home Rome","og_description":"[vc_row][vc_column][vc_column_text] Termos e condi\u00e7\u00f5es gerais arrendamento A localiza\u00e7\u00e3o na Viale Furio Camillo 50 int. 4 (1\u00ba andar), 00181 Roma (RM), \u00e9 celebrado entre T &amp; T Luxury Home Roma Massimo Tredicine e Daniele Tredicine e o cliente deve fornecer as seguintes informa\u00e7\u00f5es gerais: Nome completo e local de resid\u00eancia. reserva Os pedidos de reserva podem","og_url":"https:\/\/luxuryhomerome.com\/pt-pt\/condicoes-gerais\/","og_site_name":"Luxury Home Rome","article_publisher":"https:\/\/www.facebook.com\/Luxuryhomerome-386585568762405\/","article_modified_time":"2019-04-21T04:33:42+00:00","og_image":[{"width":1920,"height":250,"url":"https:\/\/luxuryhomerome.com\/wp-content\/uploads\/2018\/11\/image23-2.jpg","type":"image\/jpeg"}],"twitter_card":"summary_large_image","twitter_site":"@luxury_rome","twitter_misc":{"Tempo estimado de leitura":"5 minutos"},"schema":{"@context":"https:\/\/schema.org","@graph":[{"@type":"WebPage","@id":"https:\/\/luxuryhomerome.com\/pt-pt\/condicoes-gerais\/","url":"https:\/\/luxuryhomerome.com\/pt-pt\/condicoes-gerais\/","name":"Condi\u00e7\u00f5es Gerais - Luxury Home Rome","isPartOf":{"@id":"https:\/\/luxuryhomerome.com\/pt-pt\/#website"},"primaryImageOfPage":{"@id":"https:\/\/luxuryhomerome.com\/pt-pt\/condicoes-gerais\/#primaryimage"},"image":{"@id":"https:\/\/luxuryhomerome.com\/pt-pt\/condicoes-gerais\/#primaryimage"},"thumbnailUrl":"https:\/\/luxuryhomerome.com\/wp-content\/uploads\/2018\/11\/image23-2.jpg","datePublished":"2019-01-28T10:22:18+00:00","dateModified":"2019-04-21T04:33:42+00:00","breadcrumb":{"@id":"https:\/\/luxuryhomerome.com\/pt-pt\/condicoes-gerais\/#breadcrumb"},"inLanguage":"pt-PT","potentialAction":[{"@type":"ReadAction","target":["https:\/\/luxuryhomerome.com\/pt-pt\/condicoes-gerais\/"]}]},{"@type":"ImageObject","inLanguage":"pt-PT","@id":"https:\/\/luxuryhomerome.com\/pt-pt\/condicoes-gerais\/#primaryimage","url":"https:\/\/luxuryhomerome.com\/wp-content\/uploads\/2018\/11\/image23-2.jpg","contentUrl":"https:\/\/luxuryhomerome.com\/wp-content\/uploads\/2018\/11\/image23-2.jpg","width":1920,"height":250,"caption":"Case e appartamenti per vacanze e\/o in affitto a breve termine a Roma, alloggi di qualit\u00e0 con ogni comfort a prezzi economici per periodi: giornaliero,"},{"@type":"BreadcrumbList","@id":"https:\/\/luxuryhomerome.com\/pt-pt\/condicoes-gerais\/#breadcrumb","itemListElement":[{"@type":"ListItem","position":1,"name":"Home","item":"https:\/\/luxuryhomerome.com\/pt-pt\/"},{"@type":"ListItem","position":2,"name":"Condi\u00e7\u00f5es Gerais"}]},{"@type":"WebSite","@id":"https:\/\/luxuryhomerome.com\/pt-pt\/#website","url":"https:\/\/luxuryhomerome.com\/pt-pt\/","name":"Luxury Home Rome","description":"Casas de f\u00e9rias e apartamentos para alugar a curto prazo em Roma","publisher":{"@id":"https:\/\/luxuryhomerome.com\/pt-pt\/#organization"},"potentialAction":[{"@type":"SearchAction","target":{"@type":"EntryPoint","urlTemplate":"https:\/\/luxuryhomerome.com\/pt-pt\/?s={search_term_string}"},"query-input":{"@type":"PropertyValueSpecification","valueRequired":true,"valueName":"search_term_string"}}],"inLanguage":"pt-PT"},{"@type":"Organization","@id":"https:\/\/luxuryhomerome.com\/pt-pt\/#organization","name":"T&T Luxury Home Rome","url":"https:\/\/luxuryhomerome.com\/pt-pt\/","logo":{"@type":"ImageObject","inLanguage":"pt-PT","@id":"https:\/\/luxuryhomerome.com\/pt-pt\/#\/schema\/logo\/image\/","url":"https:\/\/luxuryhomerome.com\/wp-content\/uploads\/2018\/12\/cropped-cropped-logo-TT-oro-blu-600-x-600.png","contentUrl":"https:\/\/luxuryhomerome.com\/wp-content\/uploads\/2018\/12\/cropped-cropped-logo-TT-oro-blu-600-x-600.png","width":512,"height":512,"caption":"T&T Luxury Home Rome"},"image":{"@id":"https:\/\/luxuryhomerome.com\/pt-pt\/#\/schema\/logo\/image\/"},"sameAs":["https:\/\/www.facebook.com\/Luxuryhomerome-386585568762405\/","https:\/\/x.com\/luxury_rome","https:\/\/www.youtube.com\/channel\/UC7BuFhHu3TUxfigw9ZhvfBA\/videos"]}]}},"_links":{"self":[{"href":"https:\/\/luxuryhomerome.com\/pt-pt\/wp-json\/wp\/v2\/pages\/1941","targetHints":{"allow":["GET"]}}],"collection":[{"href":"https:\/\/luxuryhomerome.com\/pt-pt\/wp-json\/wp\/v2\/pages"}],"about":[{"href":"https:\/\/luxuryhomerome.com\/pt-pt\/wp-json\/wp\/v2\/types\/page"}],"author":[{"embeddable":true,"href":"https:\/\/luxuryhomerome.com\/pt-pt\/wp-json\/wp\/v2\/users\/1"}],"replies":[{"embeddable":true,"href":"https:\/\/luxuryhomerome.com\/pt-pt\/wp-json\/wp\/v2\/comments?post=1941"}],"version-history":[{"count":0,"href":"https:\/\/luxuryhomerome.com\/pt-pt\/wp-json\/wp\/v2\/pages\/1941\/revisions"}],"wp:featuredmedia":[{"embeddable":true,"href":"https:\/\/luxuryhomerome.com\/pt-pt\/wp-json\/wp\/v2\/media\/1872"}],"wp:attachment":[{"href":"https:\/\/luxuryhomerome.com\/pt-pt\/wp-json\/wp\/v2\/media?parent=1941"}],"curies":[{"name":"wp","href":"https:\/\/api.w.org\/{rel}","templated":true}]}}